{"id":15115,"date":"2020-09-08T04:43:26","date_gmt":"2020-09-08T04:43:26","guid":{"rendered":"https:\/\/wpbingosite.com\/wordpress\/rummen\/?page_id=15115"},"modified":"2023-12-19T06:52:09","modified_gmt":"2023-12-19T05:52:09","slug":"contacto","status":"publish","type":"page","link":"https:\/\/ibaigo.pe\/tienda\/contacto\/","title":{"rendered":"Contacto"},"content":{"rendered":"\t\t<div data-elementor-type=\"wp-page\" data-elementor-id=\"15115\" class=\"elementor elementor-15115\" data-elementor-post-type=\"page\">\n\t\t\t\t<div class=\"elementor-element elementor-element-26ba455 e-flex e-con-boxed e-con e-parent\" data-id=\"26ba455\" data-element_type=\"container\" data-e-type=\"container\">\n\t\t\t\t\t<div class=\"e-con-inner\">\n\t\t\t\t<div class=\"elementor-element elementor-element-3f71350 elementor-widget elementor-widget-heading\" data-id=\"3f71350\" data-element_type=\"widget\" data-e-type=\"widget\" data-widget_type=\"heading.default\">\n\t\t\t\t<div class=\"elementor-widget-container\">\n\t\t\t\t\t<h1 class=\"elementor-heading-title elementor-size-default\">Contacto<\/h1>\t\t\t\t<\/div>\n\t\t\t\t<\/div>\n\t\t\t\t\t<\/div>\n\t\t\t\t<\/div>\n\t\t<div class=\"elementor-element elementor-element-c464286 e-flex e-con-boxed e-con e-parent\" data-id=\"c464286\" data-element_type=\"container\" data-e-type=\"container\">\n\t\t\t\t\t<div class=\"e-con-inner\">\n\t\t<div class=\"elementor-element elementor-element-f001971 e-con-full e-flex e-con e-child\" data-id=\"f001971\" data-element_type=\"container\" data-e-type=\"container\" data-settings=\"{&quot;background_background&quot;:&quot;classic&quot;}\">\n\t\t\t\t<div class=\"elementor-element elementor-element-ce0d560 elementor-view-default elementor-widget elementor-widget-icon\" data-id=\"ce0d560\" data-element_type=\"widget\" data-e-type=\"widget\" data-widget_type=\"icon.default\">\n\t\t\t\t<div class=\"elementor-widget-container\">\n\t\t\t\t\t\t\t<div class=\"elementor-icon-wrapper\">\n\t\t\t<div class=\"elementor-icon\">\n\t\t\t<svg xmlns=\"http:\/\/www.w3.org\/2000\/svg\" data-name=\"Layer 1\" viewBox=\"0 0 512 640\" x=\"0px\" y=\"0px\"><path d=\"M376.35,411.9H339.48a6.81,6.81,0,0,0,0,13.61h36.87a6.81,6.81,0,1,0,0-13.61Z\"><\/path><path d=\"M329.44,302.83a96.7,96.7,0,0,0,28-50.56,13.71,13.71,0,0,0,2.32.21h.45a44,44,0,0,0,43.92-43.92v-7.37a43.81,43.81,0,0,0-25.46-39.75V153A121.66,121.66,0,0,0,257.16,31.43h-2.32A121.67,121.67,0,0,0,133.32,153v8.41a44,44,0,0,0-25.45,39.83v7.37a44,44,0,0,0,43.92,43.92h.44a13.52,13.52,0,0,0,2.32-.21,96.78,96.78,0,0,0,28,50.56C156.34,313.52,85.61,352,85.61,456.56a6.8,6.8,0,0,0,13.6,0C99.21,344,185,315.69,194.85,312.79a96.1,96.1,0,0,0,29.68,13.63l7.05,30.11a13,13,0,0,0,2.46,5.11l-13.58,89.47a6.79,6.79,0,0,0,2.64,6.46l28.82,21.63a6.76,6.76,0,0,0,8.16,0l28.82-21.63a6.81,6.81,0,0,0,2.64-6.46L278,361.63a13,13,0,0,0,2.46-5.09l7-30.12a96.31,96.31,0,0,0,29.68-13.62c9.23,2.81,95.65,32.18,95.65,143.76a6.8,6.8,0,0,0,13.6,0C426.39,352,355.65,313.52,329.44,302.83ZM166.21,175.89A88.92,88.92,0,0,1,255,87.07H257a88.92,88.92,0,0,1,88.82,88.82v8.25c-10.88-1.75-31.6-8.14-39.07-31.48a6.8,6.8,0,0,0-9.42-4.06c-.15.07-15.86,7.44-41.3,7.44-25.2,0-41.17-7.38-41.31-7.44a6.8,6.8,0,0,0-9.41,4.06c-7.47,23.35-28.2,29.73-39.07,31.48Zm224.31,25.3v7.37a30.34,30.34,0,0,1-30.31,30.31h-.45a.35.35,0,0,1-.18-.05l0,0-.12-.12a.42.42,0,0,1,0-.16V171.25c0-.21.17-.37.82-.37A30.35,30.35,0,0,1,390.52,201.19ZM146.93,153A108,108,0,0,1,254.84,45h2.32A108,108,0,0,1,365.07,153v4.64a46.45,46.45,0,0,0-5.31-.32,13.81,13.81,0,0,0-2,.17A102.59,102.59,0,0,0,257,73.46H255a102.61,102.61,0,0,0-100.77,84,15.33,15.33,0,0,0-2.47-.22,43.3,43.3,0,0,0-4.86.28Zm5.67,85.55a.36.36,0,0,1-.37.37h-.44a30.34,30.34,0,0,1-30.31-30.31v-7.37a30.45,30.45,0,0,1,30.75-30.31.36.36,0,0,1,.37.37V238.5Zm13.61-5.6v-35c15.54-2,38.65-10.81,49.44-34.43a135.62,135.62,0,0,0,80.69,0c10.8,23.62,33.91,32.44,49.45,34.43v35a83.52,83.52,0,0,1-.51,9.13c-21.74,16.5-53.87,24.33-65,26.65a20.68,20.68,0,0,0-18.27-11H250a20.81,20.81,0,0,0,0,41.62H262a20.69,20.69,0,0,0,20.33-17.12c9.63-1.94,35.74-8.05,58.46-21a83.29,83.29,0,0,1-78.2,54.87H249.36A83.24,83.24,0,0,1,166.21,232.9Zm102.9,45.71a7.08,7.08,0,0,1-7.07,7.07H250a7.21,7.21,0,0,1,0-14.41H262A7.15,7.15,0,0,1,269.11,278.61ZM256,465.26l-21.48-16.12,12.54-82.62h17.88l12.54,82.62Zm11.29-112.34H244.71l-5.57-23.8a98.62,98.62,0,0,0,10.22.54h13.27a98.66,98.66,0,0,0,10.23-.54Z\"><\/path><path d=\"M218.37,220.32a6.8,6.8,0,0,0,6.8-6.8v-12a6.81,6.81,0,0,0-13.61,0v12A6.8,6.8,0,0,0,218.37,220.32Z\"><\/path><path d=\"M293.63,220.32a6.79,6.79,0,0,0,6.8-6.8v-12a6.8,6.8,0,1,0-13.6,0v12A6.79,6.79,0,0,0,293.63,220.32Z\"><\/path><text x=\"0\" y=\"527\" fill=\"#000000\" font-size=\"5px\" font-weight=\"bold\" font-family=\"'Helvetica Neue', Helvetica, Arial-Unicode, Arial, Sans-serif\">Created by Teewara soontorn<\/text><text x=\"0\" y=\"532\" fill=\"#000000\" font-size=\"5px\" font-weight=\"bold\" font-family=\"'Helvetica Neue', Helvetica, Arial-Unicode, Arial, Sans-serif\">from the Noun Project<\/text><\/svg>\t\t\t<\/div>\n\t\t<\/div>\n\t\t\t\t\t\t<\/div>\n\t\t\t\t<\/div>\n\t\t\t\t<div class=\"elementor-element elementor-element-301a002 elementor-widget elementor-widget-heading\" data-id=\"301a002\" data-element_type=\"widget\" data-e-type=\"widget\" data-widget_type=\"heading.default\">\n\t\t\t\t<div class=\"elementor-widget-container\">\n\t\t\t\t\t<h3 class=\"elementor-heading-title elementor-size-default\">Servicio al cliente<\/h3>\t\t\t\t<\/div>\n\t\t\t\t<\/div>\n\t\t\t\t<div class=\"elementor-element elementor-element-c4d65a7 elementor-widget elementor-widget-text-editor\" data-id=\"c4d65a7\" data-element_type=\"widget\" data-e-type=\"widget\" data-widget_type=\"text-editor.default\">\n\t\t\t\t<div class=\"elementor-widget-container\">\n\t\t\t\t\t\t\t\t\t<p><strong>\u00bfNecesitas ayuda?<\/strong> Nuestro servicio de atenci\u00f3n al cliente est\u00e1 para ayudarte de Lunes a Viernes de 10:00 am a 9:00 pm:<\/p><p><a href=\"tel:51953887391\"><strong>+51 953 887 391<\/strong><\/a><\/p><p>O env\u00edanos un correo a:<\/p><p><strong><a href=\"mailto:contacto@i-baigorria.com\">contacto@i-baigorria.com<\/a><\/strong><\/p>\t\t\t\t\t\t\t\t<\/div>\n\t\t\t\t<\/div>\n\t\t\t\t<div class=\"elementor-element elementor-element-de7a613 elementor-widget-divider--view-line elementor-widget elementor-widget-divider\" data-id=\"de7a613\" data-element_type=\"widget\" data-e-type=\"widget\" data-widget_type=\"divider.default\">\n\t\t\t\t<div class=\"elementor-widget-container\">\n\t\t\t\t\t\t\t<div class=\"elementor-divider\">\n\t\t\t<span class=\"elementor-divider-separator\">\n\t\t\t\t\t\t<\/span>\n\t\t<\/div>\n\t\t\t\t\t\t<\/div>\n\t\t\t\t<\/div>\n\t\t\t\t<div class=\"elementor-element elementor-element-5dd3476 elementor-widget elementor-widget-text-editor\" data-id=\"5dd3476\" data-element_type=\"widget\" data-e-type=\"widget\" data-widget_type=\"text-editor.default\">\n\t\t\t\t<div class=\"elementor-widget-container\">\n\t\t\t\t\t\t\t\t\t<p>Puedes encontrar las respuestas que buscas en nuestra secci\u00f3n\u00a0<strong><a href=\"https:\/\/ibaigo.pe\/tienda\/preguntas-frecuentes\">Preguntas Frecuentes<\/a><\/strong>.<\/p>\t\t\t\t\t\t\t\t<\/div>\n\t\t\t\t<\/div>\n\t\t\t\t<\/div>\n\t\t<div class=\"elementor-element elementor-element-aa52a62 e-flex e-con-boxed e-con e-child\" data-id=\"aa52a62\" data-element_type=\"container\" data-e-type=\"container\">\n\t\t\t\t\t<div class=\"e-con-inner\">\n\t\t\t\t<div class=\"elementor-element elementor-element-0debcd1 elementor-button-align-start elementor-widget elementor-widget-form\" data-id=\"0debcd1\" data-element_type=\"widget\" data-e-type=\"widget\" data-settings=\"{&quot;step_next_label&quot;:&quot;Next&quot;,&quot;step_previous_label&quot;:&quot;Previous&quot;,&quot;button_width&quot;:&quot;100&quot;,&quot;step_type&quot;:&quot;number_text&quot;,&quot;step_icon_shape&quot;:&quot;circle&quot;}\" data-widget_type=\"form.default\">\n\t\t\t\t<div class=\"elementor-widget-container\">\n\t\t\t\t\t\t\t<form class=\"elementor-form\" method=\"post\" name=\"Contacto ES\">\n\t\t\t<input type=\"hidden\" name=\"post_id\" value=\"15115\"\/>\n\t\t\t<input type=\"hidden\" name=\"form_id\" value=\"0debcd1\"\/>\n\t\t\t<input type=\"hidden\" name=\"referer_title\" value=\"Contacto - Ibaigo\" \/>\n\n\t\t\t\t\t\t\t<input type=\"hidden\" name=\"queried_id\" value=\"15115\"\/>\n\t\t\t\n\t\t\t<div class=\"elementor-form-fields-wrapper elementor-labels-above\">\n\t\t\t\t\t\t\t\t<div class=\"elementor-field-type-text elementor-field-group elementor-column elementor-field-group-name elementor-col-50 elementor-field-required\">\n\t\t\t\t\t\t\t\t\t\t\t\t<label for=\"form-field-name\" class=\"elementor-field-label\">\n\t\t\t\t\t\t\t\tNOMBRE COMPLETO* (REQUERIDO)\t\t\t\t\t\t\t<\/label>\n\t\t\t\t\t\t\t\t\t\t\t\t\t\t<input size=\"1\" type=\"text\" name=\"form_fields[name]\" id=\"form-field-name\" class=\"elementor-field elementor-size-sm  elementor-field-textual\" placeholder=\"Ingresa tu nombre\" required=\"required\" aria-required=\"true\">\n\t\t\t\t\t\t\t\t\t\t\t<\/div>\n\t\t\t\t\t\t\t\t<div class=\"elementor-field-type-email elementor-field-group elementor-column elementor-field-group-email elementor-col-50 elementor-field-required\">\n\t\t\t\t\t\t\t\t\t\t\t\t<label for=\"form-field-email\" class=\"elementor-field-label\">\n\t\t\t\t\t\t\t\tEmail (REQUERIDO)\t\t\t\t\t\t\t<\/label>\n\t\t\t\t\t\t\t\t\t\t\t\t\t\t<input size=\"1\" type=\"email\" name=\"form_fields[email]\" id=\"form-field-email\" class=\"elementor-field elementor-size-sm  elementor-field-textual\" placeholder=\"Tu email\" required=\"required\" aria-required=\"true\">\n\t\t\t\t\t\t\t\t\t\t\t<\/div>\n\t\t\t\t\t\t\t\t<div class=\"elementor-field-type-tel elementor-field-group elementor-column elementor-field-group-field_b9e7163 elementor-col-50 elementor-field-required\">\n\t\t\t\t\t\t\t\t\t\t\t\t<label for=\"form-field-field_b9e7163\" class=\"elementor-field-label\">\n\t\t\t\t\t\t\t\tTEL\u00c9FONO* (REQUERIDO)\t\t\t\t\t\t\t<\/label>\n\t\t\t\t\t\t\t\t<input size=\"1\" type=\"tel\" name=\"form_fields[field_b9e7163]\" id=\"form-field-field_b9e7163\" class=\"elementor-field elementor-size-sm  elementor-field-textual\" placeholder=\"Tu numero de tel\u00e9fono\" required=\"required\" aria-required=\"true\" pattern=\"[0-9()#&amp;+*-=.]+\" title=\"Only numbers and phone characters (#, -, *, etc) are accepted.\">\n\n\t\t\t\t\t\t<\/div>\n\t\t\t\t\t\t\t\t<div class=\"elementor-field-type-select elementor-field-group elementor-column elementor-field-group-field_f2f05d2 elementor-col-50 elementor-field-required\">\n\t\t\t\t\t\t\t\t\t\t\t\t<label for=\"form-field-field_f2f05d2\" class=\"elementor-field-label\">\n\t\t\t\t\t\t\t\tMOTIVO DE CONTACTO\t\t\t\t\t\t\t<\/label>\n\t\t\t\t\t\t\t\t<div class=\"elementor-field elementor-select-wrapper remove-before \">\n\t\t\t<div class=\"select-caret-down-wrapper\">\n\t\t\t\t<i aria-hidden=\"true\" class=\"eicon-caret-down\"><\/i>\t\t\t<\/div>\n\t\t\t<select name=\"form_fields[field_f2f05d2]\" id=\"form-field-field_f2f05d2\" class=\"elementor-field-textual elementor-size-sm\" required=\"required\" aria-required=\"true\">\n\t\t\t\t\t\t\t\t\t<option value=\"Consulta\">Consulta<\/option>\n\t\t\t\t\t\t\t\t\t<option value=\"Ventas Corporativas\">Ventas Corporativas<\/option>\n\t\t\t\t\t\t\t\t\t<option value=\"Eventos\">Eventos<\/option>\n\t\t\t\t\t\t\t\t\t<option value=\"Sugerencia\">Sugerencia<\/option>\n\t\t\t\t\t\t\t\t\t<option value=\"Reclamos\">Reclamos<\/option>\n\t\t\t\t\t\t\t<\/select>\n\t\t<\/div>\n\t\t\t\t\t\t<\/div>\n\t\t\t\t\t\t\t\t<div class=\"elementor-field-type-textarea elementor-field-group elementor-column elementor-field-group-message elementor-col-100\">\n\t\t\t\t\t\t\t\t\t\t\t\t<label for=\"form-field-message\" class=\"elementor-field-label\">\n\t\t\t\t\t\t\t\tMensaje\t\t\t\t\t\t\t<\/label>\n\t\t\t\t\t\t<textarea class=\"elementor-field-textual elementor-field  elementor-size-sm\" name=\"form_fields[message]\" id=\"form-field-message\" rows=\"4\"><\/textarea>\t\t\t\t<\/div>\n\t\t\t\t\t\t\t\t<div class=\"elementor-field-group elementor-column elementor-field-type-submit elementor-col-100 e-form__buttons\">\n\t\t\t\t\t<button class=\"elementor-button elementor-size-sm\" type=\"submit\">\n\t\t\t\t\t\t<span class=\"elementor-button-content-wrapper\">\n\t\t\t\t\t\t\t\t\t\t\t\t\t\t\t\t\t\t\t\t\t\t<span class=\"elementor-button-text\">Enviar<\/span>\n\t\t\t\t\t\t\t\t\t\t\t\t\t<\/span>\n\t\t\t\t\t<\/button>\n\t\t\t\t<\/div>\n\t\t\t<\/div>\n\t\t<\/form>\n\t\t\t\t\t\t<\/div>\n\t\t\t\t<\/div>\n\t\t\t\t\t<\/div>\n\t\t\t\t<\/div>\n\t\t\t\t\t<\/div>\n\t\t\t\t<\/div>\n\t\t<div class=\"elementor-element elementor-element-aaa9f11 e-flex e-con-boxed e-con e-parent\" data-id=\"aaa9f11\" data-element_type=\"container\" data-e-type=\"container\">\n\t\t\t\t\t<div class=\"e-con-inner\">\n\t\t<div class=\"elementor-element elementor-element-495eb7d e-con-full e-flex e-con e-child\" data-id=\"495eb7d\" data-element_type=\"container\" data-e-type=\"container\">\n\t\t\t\t<div class=\"elementor-element elementor-element-a39bfc8 elementor-widget elementor-widget-google_maps\" data-id=\"a39bfc8\" data-element_type=\"widget\" data-e-type=\"widget\" data-widget_type=\"google_maps.default\">\n\t\t\t\t<div class=\"elementor-widget-container\">\n\t\t\t\t\t\t\t<div class=\"elementor-custom-embed\">\n\t\t\t<iframe loading=\"lazy\"\n\t\t\t\t\tsrc=\"https:\/\/maps.google.com\/maps?q=Grimaldo%20del%20Solar%20615%2C%20Miraflores&#038;t=m&#038;z=17&#038;output=embed&#038;iwloc=near\"\n\t\t\t\t\ttitle=\"Grimaldo del Solar 615, Miraflores\"\n\t\t\t\t\taria-label=\"Grimaldo del Solar 615, Miraflores\"\n\t\t\t><\/iframe>\n\t\t<\/div>\n\t\t\t\t\t\t<\/div>\n\t\t\t\t<\/div>\n\t\t\t\t<\/div>\n\t\t\t\t\t<\/div>\n\t\t\t\t<\/div>\n\t\t\t\t<\/div>\n\t\t","protected":false},"excerpt":{"rendered":"<p>Contacto Created by Teewara soontornfrom the Noun Project Servicio al cliente \u00bfNecesitas ayuda? Nuestro servicio de atenci\u00f3n al cliente est\u00e1 para ayudarte de Lunes a Viernes de 10:00 am a 9:00 pm: +51 953 887 391 O env\u00edanos un correo a: contacto@i-baigorria.com Puedes encontrar las respuestas que buscas en nuestra secci\u00f3n\u00a0Preguntas Frecuentes.<\/p>\n","protected":false},"author":1,"featured_media":0,"parent":0,"menu_order":0,"comment_status":"closed","ping_status":"closed","template":"elementor_header_footer","meta":{"_acf_changed":false,"footnotes":""},"class_list":["post-15115","page","type-page","status-publish","hentry"],"acf":[],"_links":{"self":[{"href":"https:\/\/ibaigo.pe\/tienda\/wp-json\/wp\/v2\/pages\/15115","targetHints":{"allow":["GET"]}}],"collection":[{"href":"https:\/\/ibaigo.pe\/tienda\/wp-json\/wp\/v2\/pages"}],"about":[{"href":"https:\/\/ibaigo.pe\/tienda\/wp-json\/wp\/v2\/types\/page"}],"author":[{"embeddable":true,"href":"https:\/\/ibaigo.pe\/tienda\/wp-json\/wp\/v2\/users\/1"}],"replies":[{"embeddable":true,"href":"https:\/\/ibaigo.pe\/tienda\/wp-json\/wp\/v2\/comments?post=15115"}],"version-history":[{"count":60,"href":"https:\/\/ibaigo.pe\/tienda\/wp-json\/wp\/v2\/pages\/15115\/revisions"}],"predecessor-version":[{"id":47733,"href":"https:\/\/ibaigo.pe\/tienda\/wp-json\/wp\/v2\/pages\/15115\/revisions\/47733"}],"wp:attachment":[{"href":"https:\/\/ibaigo.pe\/tienda\/wp-json\/wp\/v2\/media?parent=15115"}],"curies":[{"name":"wp","href":"https:\/\/api.w.org\/{rel}","templated":true}]}}