{"id":47936,"date":"2023-12-20T06:16:13","date_gmt":"2023-12-20T05:16:13","guid":{"rendered":"https:\/\/dev.ibaigo.pe\/?page_id=47936"},"modified":"2023-12-20T06:28:26","modified_gmt":"2023-12-20T05:28:26","slug":"formato-de-solicitud-de-derechos-arco","status":"publish","type":"page","link":"https:\/\/ibaigo.pe\/tienda\/formato-de-solicitud-de-derechos-arco\/","title":{"rendered":"Formato de Solicitud de Derechos Arco"},"content":{"rendered":"\t\t<div data-elementor-type=\"wp-page\" data-elementor-id=\"47936\" class=\"elementor elementor-47936\" data-elementor-post-type=\"page\">\n\t\t\t\t<div class=\"elementor-element elementor-element-9f368a5 e-flex e-con-boxed e-con e-parent\" data-id=\"9f368a5\" data-element_type=\"container\" data-e-type=\"container\">\n\t\t\t\t\t<div class=\"e-con-inner\">\n\t\t\t\t<div class=\"elementor-element elementor-element-c9df598 elementor-widget elementor-widget-heading\" data-id=\"c9df598\" data-element_type=\"widget\" data-e-type=\"widget\" data-widget_type=\"heading.default\">\n\t\t\t\t<div class=\"elementor-widget-container\">\n\t\t\t\t\t<h1 class=\"elementor-heading-title elementor-size-default\">FORMATO DE SOLICITUD DE DERECHOS ARCO<\/h1>\t\t\t\t<\/div>\n\t\t\t\t<\/div>\n\t\t\t\t<div class=\"elementor-element elementor-element-266eb38 elementor-widget elementor-widget-text-editor\" data-id=\"266eb38\" data-element_type=\"widget\" data-e-type=\"widget\" data-widget_type=\"text-editor.default\">\n\t\t\t\t<div class=\"elementor-widget-container\">\n\t\t\t\t\t\t\t\t\t<p>Derechos de Acceso, Rectificaci\u00f3n, Cancelaci\u00f3n y Oposici\u00f3n<\/p><p><strong>IBAI GORRIA S.A.C.<\/strong>\u00a0(en adelante, \u201c<strong>I-BAIGO<\/strong>\u201d) con RUC N\u00ba 20607446599, domiciliada en Calle Grimaldo del Solar N\u00ba 615, distrito de Miraflores, provincia y departamento de Lima, en cumplimiento de lo dispuesto por la Ley No. 29733, Ley de Protecci\u00f3n de Datos Personales, y su Reglamento, aprobado por Decreto Supremo No. 003-2013-JUS, pone a su disposici\u00f3n un procedimiento para el ejercicio de los derechos de Acceso, Rectificaci\u00f3n, Cancelaci\u00f3n y Oposici\u00f3n respecto de sus datos personales contenidos en los bancos de datos de nuestra titularidad.<\/p><p>A fin de atender adecuadamente su solicitud, le pedimos que descargue el Manual de Atenci\u00f3n de Derechos ARCO, lo lea y, luego, nos proporcione la siguiente informaci\u00f3n:<\/p>\t\t\t\t\t\t\t\t<\/div>\n\t\t\t\t<\/div>\n\t\t\t\t<div class=\"elementor-element elementor-element-c1cc111 elementor-button-align-start elementor-widget__width-initial elementor-widget elementor-widget-form\" data-id=\"c1cc111\" data-element_type=\"widget\" data-e-type=\"widget\" data-settings=\"{&quot;step_next_label&quot;:&quot;Siguiente&quot;,&quot;step_previous_label&quot;:&quot;Anterior&quot;,&quot;button_width&quot;:&quot;100&quot;,&quot;step_type&quot;:&quot;number_text&quot;,&quot;step_icon_shape&quot;:&quot;circle&quot;}\" data-widget_type=\"form.default\">\n\t\t\t\t<div class=\"elementor-widget-container\">\n\t\t\t\t\t\t\t<form class=\"elementor-form\" method=\"post\" name=\"Arco ES\">\n\t\t\t<input type=\"hidden\" name=\"post_id\" value=\"47936\"\/>\n\t\t\t<input type=\"hidden\" name=\"form_id\" value=\"c1cc111\"\/>\n\t\t\t<input type=\"hidden\" name=\"referer_title\" value=\"Formato De Solicitud De Derechos Arco - Ibaigo\" \/>\n\n\t\t\t\t\t\t\t<input type=\"hidden\" name=\"queried_id\" value=\"47936\"\/>\n\t\t\t\n\t\t\t<div class=\"elementor-form-fields-wrapper elementor-labels-above\">\n\t\t\t\t\t\t\t\t<div class=\"elementor-field-type-html elementor-field-group elementor-column elementor-field-group-field_c250e8f elementor-col-100\">\n\t\t\t\t\t<h4>DATOS DEL TITULAR DE LOS DATOS PERSONALES\n<\/h4>\t\t\t\t<\/div>\n\t\t\t\t\t\t\t\t<div class=\"elementor-field-type-text elementor-field-group elementor-column elementor-field-group-name elementor-col-50 elementor-field-required\">\n\t\t\t\t\t\t\t\t\t\t\t\t<label for=\"form-field-name\" class=\"elementor-field-label\">\n\t\t\t\t\t\t\t\tNOMBRE\t\t\t\t\t\t\t<\/label>\n\t\t\t\t\t\t\t\t\t\t\t\t\t\t<input size=\"1\" type=\"text\" name=\"form_fields[name]\" id=\"form-field-name\" class=\"elementor-field elementor-size-sm  elementor-field-textual\" required=\"required\" aria-required=\"true\">\n\t\t\t\t\t\t\t\t\t\t\t<\/div>\n\t\t\t\t\t\t\t\t<div class=\"elementor-field-type-text elementor-field-group elementor-column elementor-field-group-field_4b09633 elementor-col-50 elementor-field-required\">\n\t\t\t\t\t\t\t\t\t\t\t\t<label for=\"form-field-field_4b09633\" class=\"elementor-field-label\">\n\t\t\t\t\t\t\t\tAPELLIDOS\t\t\t\t\t\t\t<\/label>\n\t\t\t\t\t\t\t\t\t\t\t\t\t\t<input size=\"1\" type=\"text\" name=\"form_fields[field_4b09633]\" id=\"form-field-field_4b09633\" class=\"elementor-field elementor-size-sm  elementor-field-textual\" required=\"required\" aria-required=\"true\">\n\t\t\t\t\t\t\t\t\t\t\t<\/div>\n\t\t\t\t\t\t\t\t<div class=\"elementor-field-type-select elementor-field-group elementor-column elementor-field-group-field_a9482a4 elementor-col-33 elementor-field-required\">\n\t\t\t\t\t\t\t\t\t\t\t\t<label for=\"form-field-field_a9482a4\" class=\"elementor-field-label\">\n\t\t\t\t\t\t\t\tTIPO DE DOCUMENTO\t\t\t\t\t\t\t<\/label>\n\t\t\t\t\t\t\t\t<div class=\"elementor-field elementor-select-wrapper remove-before \">\n\t\t\t<div class=\"select-caret-down-wrapper\">\n\t\t\t\t<i aria-hidden=\"true\" class=\"eicon-caret-down\"><\/i>\t\t\t<\/div>\n\t\t\t<select name=\"form_fields[field_a9482a4]\" id=\"form-field-field_a9482a4\" class=\"elementor-field-textual elementor-size-sm\" required=\"required\" aria-required=\"true\">\n\t\t\t\t\t\t\t\t\t<option value=\"DNI\">DNI<\/option>\n\t\t\t\t\t\t\t\t\t<option value=\"Pasaporte\">Pasaporte<\/option>\n\t\t\t\t\t\t\t\t\t<option value=\"Carnet de Extranjer\u00eda\">Carnet de Extranjer\u00eda<\/option>\n\t\t\t\t\t\t\t<\/select>\n\t\t<\/div>\n\t\t\t\t\t\t<\/div>\n\t\t\t\t\t\t\t\t<div class=\"elementor-field-type-text elementor-field-group elementor-column elementor-field-group-field_1020550 elementor-col-33 elementor-field-required\">\n\t\t\t\t\t\t\t\t\t\t\t\t<label for=\"form-field-field_1020550\" class=\"elementor-field-label\">\n\t\t\t\t\t\t\t\tN\u00ba DE DOCUMENTO\t\t\t\t\t\t\t<\/label>\n\t\t\t\t\t\t\t\t\t\t\t\t\t\t<input size=\"1\" type=\"text\" name=\"form_fields[field_1020550]\" id=\"form-field-field_1020550\" class=\"elementor-field elementor-size-sm  elementor-field-textual\" required=\"required\" aria-required=\"true\">\n\t\t\t\t\t\t\t\t\t\t\t<\/div>\n\t\t\t\t\t\t\t\t<div class=\"elementor-field-type-upload elementor-field-group elementor-column elementor-field-group-field_0d8caac elementor-col-33 elementor-field-required\">\n\t\t\t\t\t\t\t\t\t\t\t\t<label for=\"form-field-field_0d8caac\" class=\"elementor-field-label\">\n\t\t\t\t\t\t\t\tADJUNTAR DOCUMENTO\t\t\t\t\t\t\t<\/label>\n\t\t\t\t\t\t\t\t<input type=\"file\" name=\"form_fields[field_0d8caac]\" id=\"form-field-field_0d8caac\" class=\"elementor-field elementor-size-sm  elementor-upload-field\" required=\"required\" aria-required=\"true\">\n\n\t\t\t\t\t\t<\/div>\n\t\t\t\t\t\t\t\t<div class=\"elementor-field-type-email elementor-field-group elementor-column elementor-field-group-field_95615d1 elementor-col-50 elementor-field-required\">\n\t\t\t\t\t\t\t\t\t\t\t\t<label for=\"form-field-field_95615d1\" class=\"elementor-field-label\">\n\t\t\t\t\t\t\t\tE-MAIL\t\t\t\t\t\t\t<\/label>\n\t\t\t\t\t\t\t\t\t\t\t\t\t\t<input size=\"1\" type=\"email\" name=\"form_fields[field_95615d1]\" id=\"form-field-field_95615d1\" class=\"elementor-field elementor-size-sm  elementor-field-textual\" required=\"required\" aria-required=\"true\">\n\t\t\t\t\t\t\t\t\t\t\t<\/div>\n\t\t\t\t\t\t\t\t<div class=\"elementor-field-type-text elementor-field-group elementor-column elementor-field-group-field_740a21d elementor-col-50 elementor-field-required\">\n\t\t\t\t\t\t\t\t\t\t\t\t<label for=\"form-field-field_740a21d\" class=\"elementor-field-label\">\n\t\t\t\t\t\t\t\tDOMICILIO\t\t\t\t\t\t\t<\/label>\n\t\t\t\t\t\t\t\t\t\t\t\t\t\t<input size=\"1\" type=\"text\" name=\"form_fields[field_740a21d]\" id=\"form-field-field_740a21d\" class=\"elementor-field elementor-size-sm  elementor-field-textual\" required=\"required\" aria-required=\"true\">\n\t\t\t\t\t\t\t\t\t\t\t<\/div>\n\t\t\t\t\t\t\t\t<div class=\"elementor-field-type-html elementor-field-group elementor-column elementor-field-group-field_43408f9 elementor-col-100\">\n\t\t\t\t\t<hr>\t\t\t\t<\/div>\n\t\t\t\t\t\t\t\t<div class=\"elementor-field-type-checkbox elementor-field-group elementor-column elementor-field-group-field_f874263 elementor-col-100\">\n\t\t\t\t\t<div class=\"elementor-field-subgroup  \"><span class=\"elementor-field-option\"><input type=\"checkbox\" value=\"\u00bfES UN REPRESENTANTE LEGAL?\" id=\"form-field-field_f874263-0\" name=\"form_fields[field_f874263]\"> <label for=\"form-field-field_f874263-0\">\u00bfES UN REPRESENTANTE LEGAL?<\/label><\/span><\/div>\t\t\t\t<\/div>\n\t\t\t\t\t\t\t\t<div class=\"elementor-field-type-html elementor-field-group elementor-column elementor-field-group-field_9fb7084 elementor-col-100\">\n\t\t\t\t\t<h4>DATOS DEL REPRESENTANTE DEL TITULAR DE LOS DATOS PERSONALES (de ser el caso)\n<\/h4>\t\t\t\t<\/div>\n\t\t\t\t\t\t\t\t<div class=\"elementor-field-type-text elementor-field-group elementor-column elementor-field-group-field_fc15d84 elementor-col-50 elementor-field-required\">\n\t\t\t\t\t\t\t\t\t\t\t\t<label for=\"form-field-field_fc15d84\" class=\"elementor-field-label\">\n\t\t\t\t\t\t\t\tNombre\t\t\t\t\t\t\t<\/label>\n\t\t\t\t\t\t\t\t\t\t\t\t\t\t<input size=\"1\" type=\"text\" name=\"form_fields[field_fc15d84]\" id=\"form-field-field_fc15d84\" class=\"elementor-field elementor-size-sm  elementor-field-textual\" required=\"required\" aria-required=\"true\">\n\t\t\t\t\t\t\t\t\t\t\t<\/div>\n\t\t\t\t\t\t\t\t<div class=\"elementor-field-type-text elementor-field-group elementor-column elementor-field-group-field_1082eee elementor-col-50 elementor-field-required\">\n\t\t\t\t\t\t\t\t\t\t\t\t<label for=\"form-field-field_1082eee\" class=\"elementor-field-label\">\n\t\t\t\t\t\t\t\tApellidos\t\t\t\t\t\t\t<\/label>\n\t\t\t\t\t\t\t\t\t\t\t\t\t\t<input size=\"1\" type=\"text\" name=\"form_fields[field_1082eee]\" id=\"form-field-field_1082eee\" class=\"elementor-field elementor-size-sm  elementor-field-textual\" required=\"required\" aria-required=\"true\">\n\t\t\t\t\t\t\t\t\t\t\t<\/div>\n\t\t\t\t\t\t\t\t<div class=\"elementor-field-type-select elementor-field-group elementor-column elementor-field-group-field_134fd9f elementor-col-33 elementor-field-required\">\n\t\t\t\t\t\t\t\t\t\t\t\t<label for=\"form-field-field_134fd9f\" class=\"elementor-field-label\">\n\t\t\t\t\t\t\t\tTIPO DE DOCUMENTO\t\t\t\t\t\t\t<\/label>\n\t\t\t\t\t\t\t\t<div class=\"elementor-field elementor-select-wrapper remove-before \">\n\t\t\t<div class=\"select-caret-down-wrapper\">\n\t\t\t\t<i aria-hidden=\"true\" class=\"eicon-caret-down\"><\/i>\t\t\t<\/div>\n\t\t\t<select name=\"form_fields[field_134fd9f]\" id=\"form-field-field_134fd9f\" class=\"elementor-field-textual elementor-size-sm\" required=\"required\" aria-required=\"true\">\n\t\t\t\t\t\t\t\t\t<option value=\"DNI\">DNI<\/option>\n\t\t\t\t\t\t\t\t\t<option value=\"Pasaporte\">Pasaporte<\/option>\n\t\t\t\t\t\t\t\t\t<option value=\"Carnet de Extranjer\u00eda\">Carnet de Extranjer\u00eda<\/option>\n\t\t\t\t\t\t\t<\/select>\n\t\t<\/div>\n\t\t\t\t\t\t<\/div>\n\t\t\t\t\t\t\t\t<div class=\"elementor-field-type-text elementor-field-group elementor-column elementor-field-group-field_9d7fe53 elementor-col-33 elementor-field-required\">\n\t\t\t\t\t\t\t\t\t\t\t\t<label for=\"form-field-field_9d7fe53\" class=\"elementor-field-label\">\n\t\t\t\t\t\t\t\tN\u00ba DE DOCUMENTO\t\t\t\t\t\t\t<\/label>\n\t\t\t\t\t\t\t\t\t\t\t\t\t\t<input size=\"1\" type=\"text\" name=\"form_fields[field_9d7fe53]\" id=\"form-field-field_9d7fe53\" class=\"elementor-field elementor-size-sm  elementor-field-textual\" required=\"required\" aria-required=\"true\">\n\t\t\t\t\t\t\t\t\t\t\t<\/div>\n\t\t\t\t\t\t\t\t<div class=\"elementor-field-type-upload elementor-field-group elementor-column elementor-field-group-field_fd5bf2e elementor-col-33 elementor-field-required\">\n\t\t\t\t\t\t\t\t\t\t\t\t<label for=\"form-field-field_fd5bf2e\" class=\"elementor-field-label\">\n\t\t\t\t\t\t\t\tADJUNTAR DOCUMENTO\t\t\t\t\t\t\t<\/label>\n\t\t\t\t\t\t\t\t<input type=\"file\" name=\"form_fields[field_fd5bf2e]\" id=\"form-field-field_fd5bf2e\" class=\"elementor-field elementor-size-sm  elementor-upload-field\" required=\"required\" aria-required=\"true\">\n\n\t\t\t\t\t\t<\/div>\n\t\t\t\t\t\t\t\t<div class=\"elementor-field-type-email elementor-field-group elementor-column elementor-field-group-field_051a3ec elementor-col-50 elementor-field-required\">\n\t\t\t\t\t\t\t\t\t\t\t\t<label for=\"form-field-field_051a3ec\" class=\"elementor-field-label\">\n\t\t\t\t\t\t\t\tE-MAIL\t\t\t\t\t\t\t<\/label>\n\t\t\t\t\t\t\t\t\t\t\t\t\t\t<input size=\"1\" type=\"email\" name=\"form_fields[field_051a3ec]\" id=\"form-field-field_051a3ec\" class=\"elementor-field elementor-size-sm  elementor-field-textual\" required=\"required\" aria-required=\"true\">\n\t\t\t\t\t\t\t\t\t\t\t<\/div>\n\t\t\t\t\t\t\t\t<div class=\"elementor-field-type-text elementor-field-group elementor-column elementor-field-group-field_bbb48c7 elementor-col-50 elementor-field-required\">\n\t\t\t\t\t\t\t\t\t\t\t\t<label for=\"form-field-field_bbb48c7\" class=\"elementor-field-label\">\n\t\t\t\t\t\t\t\tDOMICILIO\t\t\t\t\t\t\t<\/label>\n\t\t\t\t\t\t\t\t\t\t\t\t\t\t<input size=\"1\" type=\"text\" name=\"form_fields[field_bbb48c7]\" id=\"form-field-field_bbb48c7\" class=\"elementor-field elementor-size-sm  elementor-field-textual\" required=\"required\" aria-required=\"true\">\n\t\t\t\t\t\t\t\t\t\t\t<\/div>\n\t\t\t\t\t\t\t\t<div class=\"elementor-field-type-html elementor-field-group elementor-column elementor-field-group-field_dba266d elementor-col-100\">\n\t\t\t\t\t<hr>\t\t\t\t<\/div>\n\t\t\t\t\t\t\t\t<div class=\"elementor-field-type-html elementor-field-group elementor-column elementor-field-group-field_fa62793 elementor-col-100\">\n\t\t\t\t\t<h4>Seleccione el tipo de solicitud que desea ingresar:\n<\/h4>\t\t\t\t<\/div>\n\t\t\t\t\t\t\t\t<div class=\"elementor-field-type-select elementor-field-group elementor-column elementor-field-group-field_f64251a elementor-col-100 elementor-field-required\">\n\t\t\t\t\t\t\t<div class=\"elementor-field elementor-select-wrapper remove-before \">\n\t\t\t<div class=\"select-caret-down-wrapper\">\n\t\t\t\t<i aria-hidden=\"true\" class=\"eicon-caret-down\"><\/i>\t\t\t<\/div>\n\t\t\t<select name=\"form_fields[field_f64251a]\" id=\"form-field-field_f64251a\" class=\"elementor-field-textual elementor-size-sm\" required=\"required\" aria-required=\"true\">\n\t\t\t\t\t\t\t\t\t<option value=\"ACCESO\">ACCESO<\/option>\n\t\t\t\t\t\t\t\t\t<option value=\"RECTIFICACI\u00d3N\">RECTIFICACI\u00d3N<\/option>\n\t\t\t\t\t\t\t\t\t<option value=\"CANCELACI\u00d3N\">CANCELACI\u00d3N<\/option>\n\t\t\t\t\t\t\t\t\t<option value=\"OPOSICI\u00d3N\">OPOSICI\u00d3N<\/option>\n\t\t\t\t\t\t\t<\/select>\n\t\t<\/div>\n\t\t\t\t\t\t<\/div>\n\t\t\t\t\t\t\t\t<div class=\"elementor-field-type-html elementor-field-group elementor-column elementor-field-group-field_19ba742 elementor-col-100\">\n\t\t\t\t\t<table>\n<tbody>\n<tr>\n<td>\n<p><strong>ACCESO<\/strong>\n<\/p>\n<\/td>\n<td>\n<p>Acci\u00f3n destinada a obtener, de la Empresa, la informaci\u00f3n sobre uno mismo almacenada en el banco de datos, as\u00ed como aquella referida a las condiciones y generalidades del tratamiento de dicha informaci\u00f3n.\n<\/p>\n<\/td>\n<\/tr>\n<tr>\n<td>\n<p><strong>RECTIFICACI\u00d3N<\/strong>\n<\/p>\n<\/td>\n<td>\n<p>Acci\u00f3n destinada a: (i) actualizar sus datos; (ii) corregir aquella informaci\u00f3n que resulte ser inexacta, err\u00f3nea o falsa; y\/o (iii) incluir informaci\u00f3n en el banco de datos. En todos los casos deber\u00e1 adjuntar la informaci\u00f3n que sustente la procedencia de la rectificaci\u00f3n.\n<\/p>\n<\/td>\n<\/tr>\n<tr>\n<td>\n<p><strong>CANCELACI\u00d3N<\/strong>\n<\/p>\n<\/td>\n<td>\n<p>Acci\u00f3n de supresi\u00f3n de informaci\u00f3n personal almacenada en un banco de datos en raz\u00f3n a que esta ya no es necesaria o pertinente para la finalidad para la cual fue recopilada, cuando hubiere vencido el plazo para su tratamiento o cuando haya revocado el consentimiento otorgado.\n<\/p>\n<\/td>\n<\/tr>\n<tr>\n<td>\n<p><strong>OPOSICI\u00d3N<\/strong>\n<\/p>\n<\/td>\n<td>\n<p>Acci\u00f3n de impedir el tratamiento de datos personales o cese del mismo, cuando el titular no hubiere prestado su consentimiento o cuando acredite que medien motivos fundados y leg\u00edtimos relativos a una concreta situaci\u00f3n personal que lo justifiquen.\n<\/p>\n<\/td>\n<\/tr>\n<\/tbody>\n<\/table>\n<hr>\n<h5>Exponga de forma clara y precisa en el espacio en blanco los alcances de su solicitud, se\u00f1alando la informaci\u00f3n a la que desea acceder, rectificar, cancelar o respecto de la cual desea formular oposici\u00f3n:<\/h5>\t\t\t\t<\/div>\n\t\t\t\t\t\t\t\t<div class=\"elementor-field-type-textarea elementor-field-group elementor-column elementor-field-group-field_5db4476 elementor-col-100 elementor-field-required\">\n\t\t\t\t\t<textarea class=\"elementor-field-textual elementor-field  elementor-size-sm\" name=\"form_fields[field_5db4476]\" id=\"form-field-field_5db4476\" rows=\"4\" required=\"required\" aria-required=\"true\"><\/textarea>\t\t\t\t<\/div>\n\t\t\t\t\t\t\t\t<div class=\"elementor-field-type-html elementor-field-group elementor-column elementor-field-group-field_a75f81c elementor-col-100\">\n\t\t\t\t\t<h5>Si cuenta con informaci\u00f3n adicional y\/o documentos que faciliten la localizaci\u00f3n de los datos personales relacionados con la presente solicitud, por favor adjuntar copia de estos.<\/h5>\t\t\t\t<\/div>\n\t\t\t\t\t\t\t\t<div class=\"elementor-field-type-upload elementor-field-group elementor-column elementor-field-group-field_1e7971c elementor-col-100\">\n\t\t\t\t\t\t\t<input type=\"file\" name=\"form_fields[field_1e7971c]\" id=\"form-field-field_1e7971c\" class=\"elementor-field elementor-size-sm  elementor-upload-field\">\n\n\t\t\t\t\t\t<\/div>\n\t\t\t\t\t\t\t\t<div class=\"elementor-field-type-html elementor-field-group elementor-column elementor-field-group-field_d6f87ed elementor-col-100\">\n\t\t\t\t\tI-BAIGO proceder\u00e1 a notificar la respuesta a su solicitud a la direcci\u00f3n de correo electr\u00f3nico indicado en el presente formulario. El titular de datos personales autoriza y acepta la remisi\u00f3n de las notificaciones referidas a este procedimiento a dicha direcci\u00f3n. Las solicitudes se responder\u00e1n dentro de los plazos establecidos en el Cap\u00edtulo I del T\u00edtulo IV del Reglamento de la Ley de Protecci\u00f3n de Datos Personales, aprobado por Decreto Supremo No. 003-2013-JUS. Si transcurren los plazos antes indicados sin haber recibido respuesta, usted podr\u00e1 considerar denegada su solicitud, quedando a salvo su derecho de iniciar un procedimiento de tutela ante la Direcci\u00f3n General de Protecci\u00f3n de Datos Personales (Ministerio de Justicia). Adicionalmente, si desea ser notificado a su domicilio deber\u00e1 enviar su solicitud firmada v\u00eda carta indicando su nombre completo, tipo de solicitud, domicilio, fecha y copia de documento de identidad, dirigida a IBAI GORRIA S.A.C., con RUC N\u00ba 20607446599, domiciliado en Calle Grimaldo del Solar N\u00ba 615, distrito de Miraflores, provincia y departamento de Lima.\t\t\t\t<\/div>\n\t\t\t\t\t\t\t\t<div class=\"elementor-field-type-acceptance elementor-field-group elementor-column elementor-field-group-field_df33642 elementor-col-100 elementor-field-required\">\n\t\t\t\t\t\t\t<div class=\"elementor-field-subgroup\">\n\t\t\t<span class=\"elementor-field-option\">\n\t\t\t\t<input type=\"checkbox\" name=\"form_fields[field_df33642]\" id=\"form-field-field_df33642\" class=\"elementor-field elementor-size-sm  elementor-acceptance-field\" required=\"required\" aria-required=\"true\">\n\t\t\t\t<label for=\"form-field-field_df33642\">HE LE\u00cdDO Y ACEPTO LAS <a href=\"\/politica-privacidad\/\" target=\"_blank\">POL\u00cdTICAS DE PRIVACIDAD<\/a><\/label>\t\t\t<\/span>\n\t\t<\/div>\n\t\t\t\t\t\t<\/div>\n\t\t\t\t\t\t\t\t<div class=\"elementor-field-type-acceptance elementor-field-group elementor-column elementor-field-group-field_8d3c670 elementor-col-100\">\n\t\t\t\t\t\t\t<div class=\"elementor-field-subgroup\">\n\t\t\t<span class=\"elementor-field-option\">\n\t\t\t\t<input type=\"checkbox\" name=\"form_fields[field_8d3c670]\" id=\"form-field-field_8d3c670\" class=\"elementor-field elementor-size-sm  elementor-acceptance-field\">\n\t\t\t\t<label for=\"form-field-field_8d3c670\">ESTOY INTERESADO EN RECIBIR INFORMACI\u00d3N SOBRE PROMOCIONES\/OFERTAS QUE REALICE I-BAIGO<\/label>\t\t\t<\/span>\n\t\t<\/div>\n\t\t\t\t\t\t<\/div>\n\t\t\t\t\t\t\t\t<div class=\"elementor-field-group elementor-column elementor-field-type-submit elementor-col-100 e-form__buttons\">\n\t\t\t\t\t<button class=\"elementor-button elementor-size-sm\" type=\"submit\">\n\t\t\t\t\t\t<span class=\"elementor-button-content-wrapper\">\n\t\t\t\t\t\t\t\t\t\t\t\t\t\t\t\t\t\t\t\t\t\t<span class=\"elementor-button-text\">Enviar<\/span>\n\t\t\t\t\t\t\t\t\t\t\t\t\t<\/span>\n\t\t\t\t\t<\/button>\n\t\t\t\t<\/div>\n\t\t\t<\/div>\n\t\t<\/form>\n\t\t\t\t\t\t<\/div>\n\t\t\t\t<\/div>\n\t\t\t\t\t<\/div>\n\t\t\t\t<\/div>\n\t\t\t\t<\/div>\n\t\t","protected":false},"excerpt":{"rendered":"<p>FORMATO DE SOLICITUD DE DERECHOS ARCO Derechos de Acceso, Rectificaci\u00f3n, Cancelaci\u00f3n y Oposici\u00f3n IBAI GORRIA S.A.C.\u00a0(en adelante, \u201cI-BAIGO\u201d) con RUC N\u00ba 20607446599, domiciliada en Calle Grimaldo del Solar N\u00ba 615, distrito de Miraflores, provincia y departamento de Lima, en cumplimiento de lo dispuesto por la Ley No. 29733, Ley de Protecci\u00f3n de Datos Personales, y [&hellip;]<\/p>\n","protected":false},"author":1,"featured_media":0,"parent":0,"menu_order":0,"comment_status":"closed","ping_status":"closed","template":"elementor_header_footer","meta":{"_acf_changed":false,"footnotes":""},"class_list":["post-47936","page","type-page","status-publish","hentry"],"acf":[],"_links":{"self":[{"href":"https:\/\/ibaigo.pe\/tienda\/wp-json\/wp\/v2\/pages\/47936","targetHints":{"allow":["GET"]}}],"collection":[{"href":"https:\/\/ibaigo.pe\/tienda\/wp-json\/wp\/v2\/pages"}],"about":[{"href":"https:\/\/ibaigo.pe\/tienda\/wp-json\/wp\/v2\/types\/page"}],"author":[{"embeddable":true,"href":"https:\/\/ibaigo.pe\/tienda\/wp-json\/wp\/v2\/users\/1"}],"replies":[{"embeddable":true,"href":"https:\/\/ibaigo.pe\/tienda\/wp-json\/wp\/v2\/comments?post=47936"}],"version-history":[{"count":4,"href":"https:\/\/ibaigo.pe\/tienda\/wp-json\/wp\/v2\/pages\/47936\/revisions"}],"predecessor-version":[{"id":47943,"href":"https:\/\/ibaigo.pe\/tienda\/wp-json\/wp\/v2\/pages\/47936\/revisions\/47943"}],"wp:attachment":[{"href":"https:\/\/ibaigo.pe\/tienda\/wp-json\/wp\/v2\/media?parent=47936"}],"curies":[{"name":"wp","href":"https:\/\/api.w.org\/{rel}","templated":true}]}}