{"id":46647,"date":"2023-09-28T03:50:04","date_gmt":"2023-09-28T01:50:04","guid":{"rendered":"https:\/\/ibaigo.pe\/nuevo\/?post_type=product&#038;p=46647"},"modified":"2025-12-19T20:16:25","modified_gmt":"2025-12-19T19:16:25","slug":"ochoa-8a-la-foto-de-1938","status":"publish","type":"product","link":"https:\/\/ibaigo.pe\/tienda\/producto\/ochoa-8a-la-foto-de-1938\/","title":{"rendered":"Ochoa 8A La foto de 1938"},"content":{"rendered":"<p>Un detalle que da cuenta de este vino especial dedicado a los amigos y a la familia. Muy vers\u00e1til gastron\u00f3micamente.<\/p>\n","protected":false},"excerpt":{"rendered":"<p>Este vino es un homenaje al abuelo\u00a0Adriano Ochoa, cuarta generaci\u00f3n de la familia que dirige la bodega. El nombre procede de la foto que ilustra la etiqueta, hecha junto a sus amigos de Olite en el\u00a0a\u00f1o 1938. Se trata de un vino especial, dedicado a los amigos y a la familia. Se elabora mediante un &#8216;coupage&#8217; de\u00a0cuatro variedades diferentes\u00a0prodecentes de sendas fincas y tiene una\u00a0crianza de 9 meses\u00a0en roble franc\u00e9s y americano. Muy vers\u00e1til gastron\u00f3micamente.<\/p>\n","protected":false},"featured_media":46677,"template":"","meta":{"_acf_changed":false},"product_brand":[],"product_cat":[164,162],"product_tag":[],"class_list":{"0":"post-46647","1":"product","2":"type-product","3":"status-publish","4":"has-post-thumbnail","6":"product_cat-vino-tinto","7":"product_cat-vinos","9":"first","10":"instock","11":"taxable","12":"shipping-taxable","13":"purchasable","14":"product-type-simple"},"acf":[],"_links":{"self":[{"href":"https:\/\/ibaigo.pe\/tienda\/wp-json\/wp\/v2\/product\/46647","targetHints":{"allow":["GET"]}}],"collection":[{"href":"https:\/\/ibaigo.pe\/tienda\/wp-json\/wp\/v2\/product"}],"about":[{"href":"https:\/\/ibaigo.pe\/tienda\/wp-json\/wp\/v2\/types\/product"}],"wp:featuredmedia":[{"embeddable":true,"href":"https:\/\/ibaigo.pe\/tienda\/wp-json\/wp\/v2\/media\/46677"}],"wp:attachment":[{"href":"https:\/\/ibaigo.pe\/tienda\/wp-json\/wp\/v2\/media?parent=46647"}],"wp:term":[{"taxonomy":"product_brand","embeddable":true,"href":"https:\/\/ibaigo.pe\/tienda\/wp-json\/wp\/v2\/product_brand?post=46647"},{"taxonomy":"product_cat","embeddable":true,"href":"https:\/\/ibaigo.pe\/tienda\/wp-json\/wp\/v2\/product_cat?post=46647"},{"taxonomy":"product_tag","embeddable":true,"href":"https:\/\/ibaigo.pe\/tienda\/wp-json\/wp\/v2\/product_tag?post=46647"}],"curies":[{"name":"wp","href":"https:\/\/api.w.org\/{rel}","templated":true}]}}