{"id":46648,"date":"2023-09-28T03:50:04","date_gmt":"2023-09-28T01:50:04","guid":{"rendered":"https:\/\/ibaigo.pe\/nuevo\/?post_type=product&#038;p=46648"},"modified":"2025-05-19T22:55:31","modified_gmt":"2025-05-19T20:55:31","slug":"senorio-de-villarrica-blanco","status":"publish","type":"product","link":"https:\/\/ibaigo.pe\/tienda\/producto\/senorio-de-villarrica-blanco\/","title":{"rendered":"Se\u00f1or\u00edo de Villarrica Blanco"},"content":{"rendered":"","protected":false},"excerpt":{"rendered":"<p>Vino elaborado en la\u00a0<strong>Bodega de Herv\u00edas\u00a0<\/strong>perteneciente a<strong>\u00a0Se\u00f1or\u00edo de Villarrica<\/strong>\u00a0, en plena Rioja Alta.<br \/>\nFermentaci\u00f3n en ovum de barro artesanal como m\u00e9todo distintivo ancestral, para despu\u00e9s permanecer 6 meses sobre sus propias l\u00edas en el ovum.<br \/>\nComo peculiaridad presenta la fermentaci\u00f3n y crianza sobre l\u00edas en ovum de barro. El barro tiene propiedades como su capacidad absorvente, refrescante y lenta oxigenaci\u00f3n (debido a su estructura microporosa); tambi\u00e9n se produce el fen\u00f3meno de concentraci\u00f3n, que ocurre por evaporaci\u00f3n.<\/p>\n","protected":false},"featured_media":46678,"template":"","meta":{"_acf_changed":false},"product_brand":[],"product_cat":[165,162],"product_tag":[],"class_list":{"0":"post-46648","1":"product","2":"type-product","3":"status-publish","4":"has-post-thumbnail","6":"product_cat-vino-blanco","7":"product_cat-vinos","9":"first","10":"instock","11":"sale","12":"taxable","13":"shipping-taxable","14":"purchasable","15":"product-type-simple"},"acf":[],"_links":{"self":[{"href":"https:\/\/ibaigo.pe\/tienda\/wp-json\/wp\/v2\/product\/46648","targetHints":{"allow":["GET"]}}],"collection":[{"href":"https:\/\/ibaigo.pe\/tienda\/wp-json\/wp\/v2\/product"}],"about":[{"href":"https:\/\/ibaigo.pe\/tienda\/wp-json\/wp\/v2\/types\/product"}],"wp:featuredmedia":[{"embeddable":true,"href":"https:\/\/ibaigo.pe\/tienda\/wp-json\/wp\/v2\/media\/46678"}],"wp:attachment":[{"href":"https:\/\/ibaigo.pe\/tienda\/wp-json\/wp\/v2\/media?parent=46648"}],"wp:term":[{"taxonomy":"product_brand","embeddable":true,"href":"https:\/\/ibaigo.pe\/tienda\/wp-json\/wp\/v2\/product_brand?post=46648"},{"taxonomy":"product_cat","embeddable":true,"href":"https:\/\/ibaigo.pe\/tienda\/wp-json\/wp\/v2\/product_cat?post=46648"},{"taxonomy":"product_tag","embeddable":true,"href":"https:\/\/ibaigo.pe\/tienda\/wp-json\/wp\/v2\/product_tag?post=46648"}],"curies":[{"name":"wp","href":"https:\/\/api.w.org\/{rel}","templated":true}]}}