{"id":46654,"date":"2023-09-28T03:50:04","date_gmt":"2023-09-28T01:50:04","guid":{"rendered":"https:\/\/ibaigo.pe\/nuevo\/?post_type=product&#038;p=46654"},"modified":"2026-01-15T22:01:51","modified_gmt":"2026-01-15T21:01:51","slug":"brotons-seleccion-blanco","status":"publish","type":"product","link":"https:\/\/ibaigo.pe\/tienda\/producto\/brotons-seleccion-blanco\/","title":{"rendered":"Brotons Selecci\u00f3n Blanco"},"content":{"rendered":"<p>El<strong>\u00a0verdejo\u00a0<\/strong>de <strong>Brotons<\/strong> es un blanco intenso en nariz con aromas de frutas c\u00edtricas y blancas. Es un vino limpio y brillante con presencia de l\u00e1grima. En boca es fresco con presencia de acidez equilibrada con un final untuoso. Ideal como aperitivo y para acompa\u00f1ar platos fr\u00edos como cremas, quesos cremosos y carnes blancas.<\/p>\n","protected":false},"excerpt":{"rendered":"<p>El<strong>\u00a0verdejo\u00a0<\/strong>de <strong>Brotons<\/strong> es un blanco intenso en nariz con aromas de frutas c\u00edtricas y blancas. Es un vino limpio y brillante con presencia de l\u00e1grima en boca es fresco con presencia de acidez equilibrada con un final untuoso. Ideal como aperitivo y para acompa\u00f1ar platos fr\u00edos como cremas, quesos cremosos y carnes blancas.<\/p>\n","protected":false},"featured_media":6022205,"template":"","meta":{"_acf_changed":false},"product_brand":[],"product_cat":[165,162],"product_tag":[],"class_list":{"0":"post-46654","1":"product","2":"type-product","3":"status-publish","4":"has-post-thumbnail","6":"product_cat-vino-blanco","7":"product_cat-vinos","9":"first","10":"instock","11":"taxable","12":"shipping-taxable","13":"purchasable","14":"product-type-simple"},"acf":[],"_links":{"self":[{"href":"https:\/\/ibaigo.pe\/tienda\/wp-json\/wp\/v2\/product\/46654","targetHints":{"allow":["GET"]}}],"collection":[{"href":"https:\/\/ibaigo.pe\/tienda\/wp-json\/wp\/v2\/product"}],"about":[{"href":"https:\/\/ibaigo.pe\/tienda\/wp-json\/wp\/v2\/types\/product"}],"wp:featuredmedia":[{"embeddable":true,"href":"https:\/\/ibaigo.pe\/tienda\/wp-json\/wp\/v2\/media\/6022205"}],"wp:attachment":[{"href":"https:\/\/ibaigo.pe\/tienda\/wp-json\/wp\/v2\/media?parent=46654"}],"wp:term":[{"taxonomy":"product_brand","embeddable":true,"href":"https:\/\/ibaigo.pe\/tienda\/wp-json\/wp\/v2\/product_brand?post=46654"},{"taxonomy":"product_cat","embeddable":true,"href":"https:\/\/ibaigo.pe\/tienda\/wp-json\/wp\/v2\/product_cat?post=46654"},{"taxonomy":"product_tag","embeddable":true,"href":"https:\/\/ibaigo.pe\/tienda\/wp-json\/wp\/v2\/product_tag?post=46654"}],"curies":[{"name":"wp","href":"https:\/\/api.w.org\/{rel}","templated":true}]}}