{"id":46657,"date":"2023-09-28T03:50:04","date_gmt":"2023-09-28T01:50:04","guid":{"rendered":"https:\/\/ibaigo.pe\/nuevo\/?post_type=product&#038;p=46657"},"modified":"2025-05-19T22:49:55","modified_gmt":"2025-05-19T20:49:55","slug":"brotons-seleccion-blanco-aguja","status":"publish","type":"product","link":"https:\/\/ibaigo.pe\/tienda\/producto\/brotons-seleccion-blanco-aguja\/","title":{"rendered":"Brotons Selecci\u00f3n Blanco Burbuja"},"content":{"rendered":"<p>Este vino es el resultado de un cuidadoso proceso de elaboraci\u00f3n a partir de una variedad de la uva Verdejo de la cosecha del a\u00f1o, su burbuja le confiere un punto de riqueza fino, de boca largo y consistente, La fermentaci\u00f3n se detiene intencionadamente con fr\u00edo para conseguir un vino de alta intensidad arom\u00e1tica, un<strong>\u00a0fino carb\u00f3nico natural\u00a0<\/strong>y un paso por boca goloso. Un blanco con una\u00a0<strong>est\u00e9tica desenfadada<\/strong>\u00a0para disfrutar con platos ligeros.<\/p>\n","protected":false},"excerpt":{"rendered":"<p>Este vino es el resultado de un cuidadoso proceso de elaboraci\u00f3n a partir de una variedad de la uva Verdejo de la cosecha del a\u00f1o, su burbuja le confiere un punto de riqueza fino, de boca largo y consistente.<\/p>\n","protected":false},"featured_media":46687,"template":"","meta":{"_acf_changed":false},"product_brand":[],"product_cat":[165,162],"product_tag":[],"class_list":{"0":"post-46657","1":"product","2":"type-product","3":"status-publish","4":"has-post-thumbnail","6":"product_cat-vino-blanco","7":"product_cat-vinos","9":"first","10":"instock","11":"sale","12":"taxable","13":"shipping-taxable","14":"purchasable","15":"product-type-simple"},"acf":[],"_links":{"self":[{"href":"https:\/\/ibaigo.pe\/tienda\/wp-json\/wp\/v2\/product\/46657","targetHints":{"allow":["GET"]}}],"collection":[{"href":"https:\/\/ibaigo.pe\/tienda\/wp-json\/wp\/v2\/product"}],"about":[{"href":"https:\/\/ibaigo.pe\/tienda\/wp-json\/wp\/v2\/types\/product"}],"wp:featuredmedia":[{"embeddable":true,"href":"https:\/\/ibaigo.pe\/tienda\/wp-json\/wp\/v2\/media\/46687"}],"wp:attachment":[{"href":"https:\/\/ibaigo.pe\/tienda\/wp-json\/wp\/v2\/media?parent=46657"}],"wp:term":[{"taxonomy":"product_brand","embeddable":true,"href":"https:\/\/ibaigo.pe\/tienda\/wp-json\/wp\/v2\/product_brand?post=46657"},{"taxonomy":"product_cat","embeddable":true,"href":"https:\/\/ibaigo.pe\/tienda\/wp-json\/wp\/v2\/product_cat?post=46657"},{"taxonomy":"product_tag","embeddable":true,"href":"https:\/\/ibaigo.pe\/tienda\/wp-json\/wp\/v2\/product_tag?post=46657"}],"curies":[{"name":"wp","href":"https:\/\/api.w.org\/{rel}","templated":true}]}}