{"id":46662,"date":"2023-09-28T03:50:04","date_gmt":"2023-09-28T01:50:04","guid":{"rendered":"https:\/\/ibaigo.pe\/nuevo\/?post_type=product&#038;p=46662"},"modified":"2025-12-19T20:40:59","modified_gmt":"2025-12-19T19:40:59","slug":"montebaco-seleccion-especial-2016","status":"publish","type":"product","link":"https:\/\/ibaigo.pe\/tienda\/producto\/montebaco-seleccion-especial-2016\/","title":{"rendered":"Montebaco Selecci\u00f3n Especial 2016"},"content":{"rendered":"<p>Uno de los tintos m\u00e1s especiales de Montebaco. Definido por la propia bodega como\u00a0<strong>un vino \u00abde terru\u00f1o\u00bb<\/strong>, elaborado a partir de un<strong>\u00a0vi\u00f1edo con m\u00e1s de 60 a\u00f1os de edad\u00a0<\/strong>cuyo suelo, arcillo-calc\u00e1reo, es cuna de vinos con gran estructura y caracter\u00edsticas organol\u00e9pticas peculiares. En este caso nos encontramos con un\u00a0<strong>vino de aromas potentes, concentrados, minerales y carnoso en boca<\/strong>, con gran expresi\u00f3n y longitud.<\/p>\n","protected":false},"excerpt":{"rendered":"<p>Uno de los tintos m\u00e1s especiales de Montebaco. Definido por la propia bodega como\u00a0<strong>un vino \u00abde terru\u00f1o\u00bb<\/strong>, elaborado a partir de un<strong>\u00a0vi\u00f1edo con m\u00e1s de 60 a\u00f1os de edad\u00a0<\/strong>cuyo suelo, arcillo-calc\u00e1reo, es cuna de vinos con gran estructura y caracter\u00edsticas organol\u00e9pticas peculiares. En este caso nos encontramos con un\u00a0<strong>vino de aromas potentes, concentrados, minerales y carnoso en boca<\/strong>, con gran expresi\u00f3n y longitud.<\/p>\n","protected":false},"featured_media":46692,"template":"","meta":{"_acf_changed":false},"product_brand":[],"product_cat":[164,162],"product_tag":[],"class_list":{"0":"post-46662","1":"product","2":"type-product","3":"status-publish","4":"has-post-thumbnail","6":"product_cat-vino-tinto","7":"product_cat-vinos","9":"first","10":"instock","11":"taxable","12":"shipping-taxable","13":"purchasable","14":"product-type-simple"},"acf":[],"_links":{"self":[{"href":"https:\/\/ibaigo.pe\/tienda\/wp-json\/wp\/v2\/product\/46662","targetHints":{"allow":["GET"]}}],"collection":[{"href":"https:\/\/ibaigo.pe\/tienda\/wp-json\/wp\/v2\/product"}],"about":[{"href":"https:\/\/ibaigo.pe\/tienda\/wp-json\/wp\/v2\/types\/product"}],"wp:featuredmedia":[{"embeddable":true,"href":"https:\/\/ibaigo.pe\/tienda\/wp-json\/wp\/v2\/media\/46692"}],"wp:attachment":[{"href":"https:\/\/ibaigo.pe\/tienda\/wp-json\/wp\/v2\/media?parent=46662"}],"wp:term":[{"taxonomy":"product_brand","embeddable":true,"href":"https:\/\/ibaigo.pe\/tienda\/wp-json\/wp\/v2\/product_brand?post=46662"},{"taxonomy":"product_cat","embeddable":true,"href":"https:\/\/ibaigo.pe\/tienda\/wp-json\/wp\/v2\/product_cat?post=46662"},{"taxonomy":"product_tag","embeddable":true,"href":"https:\/\/ibaigo.pe\/tienda\/wp-json\/wp\/v2\/product_tag?post=46662"}],"curies":[{"name":"wp","href":"https:\/\/api.w.org\/{rel}","templated":true}]}}