{"id":46699,"date":"2023-09-28T03:50:21","date_gmt":"2023-09-28T01:50:21","guid":{"rendered":"https:\/\/ibaigo.pe\/nuevo\/?post_type=product&#038;p=46699"},"modified":"2025-07-16T03:59:32","modified_gmt":"2025-07-16T01:59:32","slug":"montebaco-semele-2018","status":"publish","type":"product","link":"https:\/\/ibaigo.pe\/tienda\/producto\/montebaco-semele-2018\/","title":{"rendered":"Montebaco Semele 2018"},"content":{"rendered":"<p>Semele es un vino de <strong>Ribera del Duero de nuevo cu\u00f1o<\/strong>\u00a0elaborado por Bodegas Montebaco. Comparte con el resto de los vinos de la casa la misma filosof\u00eda, buscando siempre\u00a0<strong>amabilidad, redondez, frescura, riqueza arom\u00e1tica y expresi\u00f3n varietal<\/strong>. Tanto la c\u00e1psula, como el corcho, la etiqueta y la botella est\u00e1n elaborados con\u00a0<strong>materiales ecol\u00f3gicos y reciclables<\/strong><\/p>\n","protected":false},"excerpt":{"rendered":"<p><strong>Semele<\/strong>\u00a0es un tinto de nuevo cu\u00f1o. Elaborado \u00edntegramente con uva procedente de la finca\u00a0<strong>Monte Alto<\/strong>. Comparte con el resto de vinos de la bodega la misma filosof\u00eda vitivin\u00edcola, aunque buscando amabilidad, redondez, frescura, riqueza arom\u00e1tica y expresi\u00f3n varietal.<br \/>\n<strong>Crianza en barrica 12 meses.<\/strong><\/p>\n","protected":false},"featured_media":46729,"template":"","meta":{"_acf_changed":false},"product_brand":[],"product_cat":[164,162],"product_tag":[191],"class_list":{"0":"post-46699","1":"product","2":"type-product","3":"status-publish","4":"has-post-thumbnail","6":"product_cat-vino-tinto","7":"product_cat-vinos","8":"product_tag-ribera-del-duero","10":"first","11":"outofstock","12":"sale","13":"taxable","14":"shipping-taxable","15":"purchasable","16":"product-type-simple"},"acf":[],"_links":{"self":[{"href":"https:\/\/ibaigo.pe\/tienda\/wp-json\/wp\/v2\/product\/46699","targetHints":{"allow":["GET"]}}],"collection":[{"href":"https:\/\/ibaigo.pe\/tienda\/wp-json\/wp\/v2\/product"}],"about":[{"href":"https:\/\/ibaigo.pe\/tienda\/wp-json\/wp\/v2\/types\/product"}],"wp:featuredmedia":[{"embeddable":true,"href":"https:\/\/ibaigo.pe\/tienda\/wp-json\/wp\/v2\/media\/46729"}],"wp:attachment":[{"href":"https:\/\/ibaigo.pe\/tienda\/wp-json\/wp\/v2\/media?parent=46699"}],"wp:term":[{"taxonomy":"product_brand","embeddable":true,"href":"https:\/\/ibaigo.pe\/tienda\/wp-json\/wp\/v2\/product_brand?post=46699"},{"taxonomy":"product_cat","embeddable":true,"href":"https:\/\/ibaigo.pe\/tienda\/wp-json\/wp\/v2\/product_cat?post=46699"},{"taxonomy":"product_tag","embeddable":true,"href":"https:\/\/ibaigo.pe\/tienda\/wp-json\/wp\/v2\/product_tag?post=46699"}],"curies":[{"name":"wp","href":"https:\/\/api.w.org\/{rel}","templated":true}]}}