{"id":46705,"date":"2023-09-28T03:50:22","date_gmt":"2023-09-28T01:50:22","guid":{"rendered":"https:\/\/ibaigo.pe\/nuevo\/?post_type=product&#038;p=46705"},"modified":"2025-04-15T18:31:47","modified_gmt":"2025-04-15T16:31:47","slug":"elisabeth-brut-nature-2015","status":"publish","type":"product","link":"https:\/\/ibaigo.pe\/tienda\/producto\/elisabeth-brut-nature-2015\/","title":{"rendered":"Elisabeth Brut Nature 2015"},"content":{"rendered":"<p>Espumoso de<strong> Chardonnay al 100%<\/strong>. Sorprende por su cuerpo y estructura, en equilibrio con la buena acidez. Notas de bizcocho se mezclan con las de frutas como el melocot\u00f3n, albaricoque e incluso con otras m\u00e1s c\u00edtricas como el pomelo. Prueba a combinarlo con comida japonesa o postres cremosos. Ser\u00e1 todo un acierto.<\/p>\n","protected":false},"excerpt":{"rendered":"<p>La idea fue elaborar un espumante Argentino a la manera tradicional, tratando de unir los mejor de cada mundo, dej\u00e1ndolo en reposo con sus l\u00edas durante 24 meses. Nuestras uvas Chardonnay son de la m\u00e1s alta calidad que, cosechadas en el momento ideal, son excelentes para la elaboraci\u00f3n de espumantes. Destacan sus aromas muy integrados de frutos secos y frutas tropicales con una excelente acidez.<\/p>\n","protected":false},"featured_media":46733,"template":"","meta":{"_acf_changed":false},"product_brand":[],"product_cat":[163,162],"product_tag":[],"class_list":{"0":"post-46705","1":"product","2":"type-product","3":"status-publish","4":"has-post-thumbnail","6":"product_cat-champagne-espumantes-y-cavas","7":"product_cat-vinos","9":"first","10":"instock","11":"sale","12":"taxable","13":"shipping-taxable","14":"purchasable","15":"product-type-simple"},"acf":[],"_links":{"self":[{"href":"https:\/\/ibaigo.pe\/tienda\/wp-json\/wp\/v2\/product\/46705","targetHints":{"allow":["GET"]}}],"collection":[{"href":"https:\/\/ibaigo.pe\/tienda\/wp-json\/wp\/v2\/product"}],"about":[{"href":"https:\/\/ibaigo.pe\/tienda\/wp-json\/wp\/v2\/types\/product"}],"wp:featuredmedia":[{"embeddable":true,"href":"https:\/\/ibaigo.pe\/tienda\/wp-json\/wp\/v2\/media\/46733"}],"wp:attachment":[{"href":"https:\/\/ibaigo.pe\/tienda\/wp-json\/wp\/v2\/media?parent=46705"}],"wp:term":[{"taxonomy":"product_brand","embeddable":true,"href":"https:\/\/ibaigo.pe\/tienda\/wp-json\/wp\/v2\/product_brand?post=46705"},{"taxonomy":"product_cat","embeddable":true,"href":"https:\/\/ibaigo.pe\/tienda\/wp-json\/wp\/v2\/product_cat?post=46705"},{"taxonomy":"product_tag","embeddable":true,"href":"https:\/\/ibaigo.pe\/tienda\/wp-json\/wp\/v2\/product_tag?post=46705"}],"curies":[{"name":"wp","href":"https:\/\/api.w.org\/{rel}","templated":true}]}}