{"id":46707,"date":"2023-09-28T03:50:22","date_gmt":"2023-09-28T01:50:22","guid":{"rendered":"https:\/\/ibaigo.pe\/nuevo\/?post_type=product&#038;p=46707"},"modified":"2025-12-30T17:09:18","modified_gmt":"2025-12-30T16:09:18","slug":"baigorri-blanco-fermentado-en-barrica-2019","status":"publish","type":"product","link":"https:\/\/ibaigo.pe\/tienda\/producto\/baigorri-blanco-fermentado-en-barrica-2019\/","title":{"rendered":"Baigorri Blanco Fermentado En Barrica 2019"},"content":{"rendered":"<p>Si eres un amante de los\u00a0<strong>grandes blancos riojanos<\/strong>\u00a0y disfrutas sintiendo la\u00a0<strong>textura y los aromas que aporta la crianza en barrica<\/strong>, este rioja es para ti. Este\u00a0<em>coupage\u00a0<\/em>formado por Viura y una peque\u00f1a aportaci\u00f3n de Malvas\u00eda nos\u00a0deleita\u00a0con un vino\u00a0<strong>potente, untuoso, sabroso y complejo<\/strong>.<\/p>\n","protected":false},"excerpt":{"rendered":"<p>Si eres un amante de los\u00a0<strong>grandes blancos riojanos<\/strong>\u00a0y disfrutas sintiendo la\u00a0<strong>textura y los aromas que aporta la crianza en barrica<\/strong>, este rioja es para ti. Este\u00a0<em>coupage\u00a0<\/em>formado por Viura y una peque\u00f1a aportaci\u00f3n de Malvas\u00eda nos\u00a0deleita\u00a0con un vino\u00a0<strong>potente, untuoso, sabroso y complejo<\/strong>.<\/p>\n","protected":false},"featured_media":46735,"template":"","meta":{"_acf_changed":false},"product_brand":[],"product_cat":[165,162],"product_tag":[192,193,194,195,196,197],"class_list":{"0":"post-46707","1":"product","2":"type-product","3":"status-publish","4":"has-post-thumbnail","6":"product_cat-vino-blanco","7":"product_cat-vinos","8":"product_tag-baigorri","9":"product_tag-vino-baigorri","10":"product_tag-vino-blanco-espanol","11":"product_tag-vinos-baigorri","12":"product_tag-vinos-blancos","13":"product_tag-vinos-espanoles","15":"first","16":"outofstock","17":"taxable","18":"shipping-taxable","19":"purchasable","20":"product-type-simple"},"acf":[],"_links":{"self":[{"href":"https:\/\/ibaigo.pe\/tienda\/wp-json\/wp\/v2\/product\/46707","targetHints":{"allow":["GET"]}}],"collection":[{"href":"https:\/\/ibaigo.pe\/tienda\/wp-json\/wp\/v2\/product"}],"about":[{"href":"https:\/\/ibaigo.pe\/tienda\/wp-json\/wp\/v2\/types\/product"}],"wp:featuredmedia":[{"embeddable":true,"href":"https:\/\/ibaigo.pe\/tienda\/wp-json\/wp\/v2\/media\/46735"}],"wp:attachment":[{"href":"https:\/\/ibaigo.pe\/tienda\/wp-json\/wp\/v2\/media?parent=46707"}],"wp:term":[{"taxonomy":"product_brand","embeddable":true,"href":"https:\/\/ibaigo.pe\/tienda\/wp-json\/wp\/v2\/product_brand?post=46707"},{"taxonomy":"product_cat","embeddable":true,"href":"https:\/\/ibaigo.pe\/tienda\/wp-json\/wp\/v2\/product_cat?post=46707"},{"taxonomy":"product_tag","embeddable":true,"href":"https:\/\/ibaigo.pe\/tienda\/wp-json\/wp\/v2\/product_tag?post=46707"}],"curies":[{"name":"wp","href":"https:\/\/api.w.org\/{rel}","templated":true}]}}