{"id":46853,"date":"2023-09-28T03:51:47","date_gmt":"2023-09-28T01:51:47","guid":{"rendered":"https:\/\/ibaigo.pe\/nuevo\/?post_type=product&#038;p=46853"},"modified":"2026-03-13T03:33:23","modified_gmt":"2026-03-13T02:33:23","slug":"chateau-taussin-rose","status":"publish","type":"product","link":"https:\/\/ibaigo.pe\/tienda\/producto\/chateau-taussin-rose\/","title":{"rendered":"Chateau Taussin Rose"},"content":{"rendered":"<p>Su color \u00abp\u00e9talo de rosa\u00bb invita a descubrir un vino gourmet, fresco y \u00e1cido.\u00a0En boca, con frutosidad crujiente, presenta aromas de frutos rojos\u00a0<em>[frambuesa]<\/em>\u00a0y notas c\u00edtricas en la longitud.\u00a0Este generoso vino debe disfrutarse muy fr\u00edo para obtener a\u00fan m\u00e1s vivacidad.<\/p>\n","protected":false},"excerpt":{"rendered":"<p>Su color \u00abp\u00e9talo de rosa\u00bb invita a descubrir un vino gourmet, fresco y \u00e1cido.\u00a0En boca, con frutosidad crujiente, presenta aromas de frutos rojos\u00a0<em>[frambuesa]<\/em>\u00a0y notas c\u00edtricas en la longitud.\u00a0Este generoso vino debe disfrutarse muy fr\u00edo para obtener a\u00fan m\u00e1s vivacidad.<\/p>\n","protected":false},"featured_media":46897,"template":"","meta":{"_acf_changed":false},"product_brand":[],"product_cat":[166,162],"product_tag":[220,221,222,223,224],"class_list":{"0":"post-46853","1":"product","2":"type-product","3":"status-publish","4":"has-post-thumbnail","6":"product_cat-vino-rosado","7":"product_cat-vinos","8":"product_tag-vino","9":"product_tag-vino-rosado","10":"product_tag-vino-rosado-frances","11":"product_tag-vino-rose","12":"product_tag-vinos-de-francia","14":"first","15":"instock","16":"sale","17":"taxable","18":"shipping-taxable","19":"purchasable","20":"product-type-simple"},"acf":[],"_links":{"self":[{"href":"https:\/\/ibaigo.pe\/tienda\/wp-json\/wp\/v2\/product\/46853","targetHints":{"allow":["GET"]}}],"collection":[{"href":"https:\/\/ibaigo.pe\/tienda\/wp-json\/wp\/v2\/product"}],"about":[{"href":"https:\/\/ibaigo.pe\/tienda\/wp-json\/wp\/v2\/types\/product"}],"wp:featuredmedia":[{"embeddable":true,"href":"https:\/\/ibaigo.pe\/tienda\/wp-json\/wp\/v2\/media\/46897"}],"wp:attachment":[{"href":"https:\/\/ibaigo.pe\/tienda\/wp-json\/wp\/v2\/media?parent=46853"}],"wp:term":[{"taxonomy":"product_brand","embeddable":true,"href":"https:\/\/ibaigo.pe\/tienda\/wp-json\/wp\/v2\/product_brand?post=46853"},{"taxonomy":"product_cat","embeddable":true,"href":"https:\/\/ibaigo.pe\/tienda\/wp-json\/wp\/v2\/product_cat?post=46853"},{"taxonomy":"product_tag","embeddable":true,"href":"https:\/\/ibaigo.pe\/tienda\/wp-json\/wp\/v2\/product_tag?post=46853"}],"curies":[{"name":"wp","href":"https:\/\/api.w.org\/{rel}","templated":true}]}}