{"id":46861,"date":"2023-09-28T03:51:48","date_gmt":"2023-09-28T01:51:48","guid":{"rendered":"https:\/\/ibaigo.pe\/nuevo\/?post_type=product&#038;p=46861"},"modified":"2025-12-19T19:54:13","modified_gmt":"2025-12-19T18:54:13","slug":"touriga-nacional-reserva-2018","status":"publish","type":"product","link":"https:\/\/ibaigo.pe\/tienda\/producto\/touriga-nacional-reserva-2018\/","title":{"rendered":"Touriga Nacional Reserva 2018"},"content":{"rendered":"<p>Quinta da Alorna, nos trae un cl\u00e1sico e intenso reserva con un car\u00e1cter distintivo que refleja la riqueza y la calidad de la regi\u00f3n y que sin duda te encantar\u00e1.<\/p>\n","protected":false},"excerpt":{"rendered":"<p>Este es un vino<strong>\u00a0complejo, pero fresco y muy equilibrado<\/strong>, con una larga persistencia en boca que te har\u00e1 disfrutar por m\u00e1s tiempo.<\/p>\n","protected":false},"featured_media":46907,"template":"","meta":{"_acf_changed":false},"product_brand":[],"product_cat":[164,162],"product_tag":[220,231],"class_list":{"0":"post-46861","1":"product","2":"type-product","3":"status-publish","4":"has-post-thumbnail","6":"product_cat-vino-tinto","7":"product_cat-vinos","8":"product_tag-vino","9":"product_tag-vino-reserva-portugues","11":"first","12":"instock","13":"taxable","14":"shipping-taxable","15":"purchasable","16":"product-type-simple"},"acf":[],"_links":{"self":[{"href":"https:\/\/ibaigo.pe\/tienda\/wp-json\/wp\/v2\/product\/46861","targetHints":{"allow":["GET"]}}],"collection":[{"href":"https:\/\/ibaigo.pe\/tienda\/wp-json\/wp\/v2\/product"}],"about":[{"href":"https:\/\/ibaigo.pe\/tienda\/wp-json\/wp\/v2\/types\/product"}],"wp:featuredmedia":[{"embeddable":true,"href":"https:\/\/ibaigo.pe\/tienda\/wp-json\/wp\/v2\/media\/46907"}],"wp:attachment":[{"href":"https:\/\/ibaigo.pe\/tienda\/wp-json\/wp\/v2\/media?parent=46861"}],"wp:term":[{"taxonomy":"product_brand","embeddable":true,"href":"https:\/\/ibaigo.pe\/tienda\/wp-json\/wp\/v2\/product_brand?post=46861"},{"taxonomy":"product_cat","embeddable":true,"href":"https:\/\/ibaigo.pe\/tienda\/wp-json\/wp\/v2\/product_cat?post=46861"},{"taxonomy":"product_tag","embeddable":true,"href":"https:\/\/ibaigo.pe\/tienda\/wp-json\/wp\/v2\/product_tag?post=46861"}],"curies":[{"name":"wp","href":"https:\/\/api.w.org\/{rel}","templated":true}]}}