{"id":46878,"date":"2023-09-28T03:52:09","date_gmt":"2023-09-28T01:52:09","guid":{"rendered":"https:\/\/ibaigo.pe\/nuevo\/?post_type=product&#038;p=46878"},"modified":"2026-02-28T01:27:14","modified_gmt":"2026-02-28T00:27:14","slug":"arca-nova-blanco-vinho-verde","status":"publish","type":"product","link":"https:\/\/ibaigo.pe\/tienda\/producto\/arca-nova-blanco-vinho-verde\/","title":{"rendered":"Arca Nova Blanco Vinho Verde"},"content":{"rendered":"<p>Elaborado con una selecci\u00f3n de las tres mejores variedades de la zona, <strong>Arinto, Loureiro y Trajadura<\/strong>, de otras tantas subregiones de la denominaci\u00f3n. El resultado de este &#8216;coupage&#8217; es un vino cristalino, c\u00edtrico y floral.<\/p>\n","protected":false},"excerpt":{"rendered":"<p>Un vino muy apreciado por su perfecto equilibrio y combinaci\u00f3n entre los aromas de tres de las variedades de uva m\u00e1s famosas de la regi\u00f3n.<\/p>\n","protected":false},"featured_media":46909,"template":"","meta":{"_acf_changed":false},"product_brand":[],"product_cat":[165,162],"product_tag":[],"class_list":{"0":"post-46878","1":"product","2":"type-product","3":"status-publish","4":"has-post-thumbnail","6":"product_cat-vino-blanco","7":"product_cat-vinos","9":"first","10":"instock","11":"taxable","12":"shipping-taxable","13":"purchasable","14":"product-type-simple"},"acf":[],"_links":{"self":[{"href":"https:\/\/ibaigo.pe\/tienda\/wp-json\/wp\/v2\/product\/46878","targetHints":{"allow":["GET"]}}],"collection":[{"href":"https:\/\/ibaigo.pe\/tienda\/wp-json\/wp\/v2\/product"}],"about":[{"href":"https:\/\/ibaigo.pe\/tienda\/wp-json\/wp\/v2\/types\/product"}],"wp:featuredmedia":[{"embeddable":true,"href":"https:\/\/ibaigo.pe\/tienda\/wp-json\/wp\/v2\/media\/46909"}],"wp:attachment":[{"href":"https:\/\/ibaigo.pe\/tienda\/wp-json\/wp\/v2\/media?parent=46878"}],"wp:term":[{"taxonomy":"product_brand","embeddable":true,"href":"https:\/\/ibaigo.pe\/tienda\/wp-json\/wp\/v2\/product_brand?post=46878"},{"taxonomy":"product_cat","embeddable":true,"href":"https:\/\/ibaigo.pe\/tienda\/wp-json\/wp\/v2\/product_cat?post=46878"},{"taxonomy":"product_tag","embeddable":true,"href":"https:\/\/ibaigo.pe\/tienda\/wp-json\/wp\/v2\/product_tag?post=46878"}],"curies":[{"name":"wp","href":"https:\/\/api.w.org\/{rel}","templated":true}]}}