{"id":46883,"date":"2023-09-28T03:52:10","date_gmt":"2023-09-28T01:52:10","guid":{"rendered":"https:\/\/ibaigo.pe\/nuevo\/?post_type=product&#038;p=46883"},"modified":"2026-03-13T03:33:23","modified_gmt":"2026-03-13T02:33:23","slug":"espumante-biologico-quinta-das-arcas","status":"publish","type":"product","link":"https:\/\/ibaigo.pe\/tienda\/producto\/espumante-biologico-quinta-das-arcas\/","title":{"rendered":"Espumante Biol\u00f3gico Quinta das Arcas"},"content":{"rendered":"<p>Consigue un espumante de gran equilibrio, con una acidez refrescante y un bajo nivel de azucar.<\/p>\n","protected":false},"excerpt":{"rendered":"<p>Vino espumoso elaborado con uvas de vi\u00f1edo ecol\u00f3gico por el m\u00e9todo cl\u00e1sico con 18 meses de crianza en botella.<\/p>\n","protected":false},"featured_media":46914,"template":"","meta":{"_acf_changed":false},"product_brand":[],"product_cat":[163,162],"product_tag":[235,236,225],"class_list":{"0":"post-46883","1":"product","2":"type-product","3":"status-publish","4":"has-post-thumbnail","6":"product_cat-champagne-espumantes-y-cavas","7":"product_cat-vinos","8":"product_tag-espumante","9":"product_tag-vino-espumante","10":"product_tag-vino-portugues","12":"first","13":"instock","14":"taxable","15":"shipping-taxable","16":"purchasable","17":"product-type-simple"},"acf":[],"_links":{"self":[{"href":"https:\/\/ibaigo.pe\/tienda\/wp-json\/wp\/v2\/product\/46883","targetHints":{"allow":["GET"]}}],"collection":[{"href":"https:\/\/ibaigo.pe\/tienda\/wp-json\/wp\/v2\/product"}],"about":[{"href":"https:\/\/ibaigo.pe\/tienda\/wp-json\/wp\/v2\/types\/product"}],"wp:featuredmedia":[{"embeddable":true,"href":"https:\/\/ibaigo.pe\/tienda\/wp-json\/wp\/v2\/media\/46914"}],"wp:attachment":[{"href":"https:\/\/ibaigo.pe\/tienda\/wp-json\/wp\/v2\/media?parent=46883"}],"wp:term":[{"taxonomy":"product_brand","embeddable":true,"href":"https:\/\/ibaigo.pe\/tienda\/wp-json\/wp\/v2\/product_brand?post=46883"},{"taxonomy":"product_cat","embeddable":true,"href":"https:\/\/ibaigo.pe\/tienda\/wp-json\/wp\/v2\/product_cat?post=46883"},{"taxonomy":"product_tag","embeddable":true,"href":"https:\/\/ibaigo.pe\/tienda\/wp-json\/wp\/v2\/product_tag?post=46883"}],"curies":[{"name":"wp","href":"https:\/\/api.w.org\/{rel}","templated":true}]}}