{"id":46884,"date":"2023-09-28T03:52:10","date_gmt":"2023-09-28T01:52:10","guid":{"rendered":"https:\/\/ibaigo.pe\/nuevo\/?post_type=product&#038;p=46884"},"modified":"2025-05-19T23:10:41","modified_gmt":"2025-05-19T21:10:41","slug":"baracchi-pinot-nero-2016","status":"publish","type":"product","link":"https:\/\/ibaigo.pe\/tienda\/producto\/baracchi-pinot-nero-2016\/","title":{"rendered":"Baracchi Pinot Nero 2016"},"content":{"rendered":"<p>Se elabora \u00edntegramente con<strong> Pinot nero<\/strong>. Despu\u00e9s de la\u00a0vendimia, hecha estrictamente a mano como es tradici\u00f3n, solo se seleccionan las mejores uvas seg\u00fan la vendimia. Luego se lleva a cabo la crianza en barrica.<\/p>\n","protected":false},"excerpt":{"rendered":"<p>Los vi\u00f1edos est\u00e1n ubicados en la monta\u00f1a de Cortona, a 650 mt.\u00a0Fermentaci\u00f3n y maceraci\u00f3n con pieles durante 20 d\u00edas.\u00a018 meses en barrica nueva de roble franc\u00e9s de tostado medio y 6 meses en botella antes de su salida al mercado<\/p>\n","protected":false},"featured_media":46915,"template":"","meta":{"_acf_changed":false},"product_brand":[],"product_cat":[200,164,162],"product_tag":[],"class_list":{"0":"post-46884","1":"product","2":"type-product","3":"status-publish","4":"has-post-thumbnail","6":"product_cat-promociones","7":"product_cat-vino-tinto","8":"product_cat-vinos","10":"first","11":"instock","12":"sale","13":"taxable","14":"shipping-taxable","15":"purchasable","16":"product-type-simple"},"acf":[],"_links":{"self":[{"href":"https:\/\/ibaigo.pe\/tienda\/wp-json\/wp\/v2\/product\/46884","targetHints":{"allow":["GET"]}}],"collection":[{"href":"https:\/\/ibaigo.pe\/tienda\/wp-json\/wp\/v2\/product"}],"about":[{"href":"https:\/\/ibaigo.pe\/tienda\/wp-json\/wp\/v2\/types\/product"}],"wp:featuredmedia":[{"embeddable":true,"href":"https:\/\/ibaigo.pe\/tienda\/wp-json\/wp\/v2\/media\/46915"}],"wp:attachment":[{"href":"https:\/\/ibaigo.pe\/tienda\/wp-json\/wp\/v2\/media?parent=46884"}],"wp:term":[{"taxonomy":"product_brand","embeddable":true,"href":"https:\/\/ibaigo.pe\/tienda\/wp-json\/wp\/v2\/product_brand?post=46884"},{"taxonomy":"product_cat","embeddable":true,"href":"https:\/\/ibaigo.pe\/tienda\/wp-json\/wp\/v2\/product_cat?post=46884"},{"taxonomy":"product_tag","embeddable":true,"href":"https:\/\/ibaigo.pe\/tienda\/wp-json\/wp\/v2\/product_tag?post=46884"}],"curies":[{"name":"wp","href":"https:\/\/api.w.org\/{rel}","templated":true}]}}