{"id":46887,"date":"2023-09-28T03:52:10","date_gmt":"2023-09-28T01:52:10","guid":{"rendered":"https:\/\/ibaigo.pe\/nuevo\/?post_type=product&#038;p=46887"},"modified":"2025-05-19T23:11:55","modified_gmt":"2025-05-19T21:11:55","slug":"baracchi-brut-trebbiano-metodo-clasico","status":"publish","type":"product","link":"https:\/\/ibaigo.pe\/tienda\/producto\/baracchi-brut-trebbiano-metodo-clasico\/","title":{"rendered":"Baracchi Brut Trebbiano M\u00e9todo Cl\u00e1sico"},"content":{"rendered":"<p>Las uvas se vendimian con antelaci\u00f3n, a finales de agosto, para mantener la frescura.\u00a0Fermentaci\u00f3n sobre hollejos durante 2-3 d\u00edas.\u00a0M\u00e1s de 30 meses sobre mentiras.<\/p>\n","protected":false},"excerpt":{"rendered":"<p><strong> Brut Trebbiano M\u00e9todo Cl\u00e1sico<\/strong> es la aut\u00e9ntica expresi\u00f3n de la variedad de uva blanca m\u00e1s representativas de la Toscana, <strong>Trebbiano toscano, <\/strong>Un Espumante joven que se caracteriza por sus aromas afrutados y un sabor en el que aflora las notas de acidez y frescura t\u00edpicas\u00a0de las variedades\u00a0de origen.\u00a0Ideal como aperitivo, acompa\u00f1a bien\u00a0entrantes y\u00a0primeros platos ligeros.<\/p>\n","protected":false},"featured_media":46918,"template":"","meta":{"_acf_changed":false},"product_brand":[],"product_cat":[163,200,162],"product_tag":[],"class_list":{"0":"post-46887","1":"product","2":"type-product","3":"status-publish","4":"has-post-thumbnail","6":"product_cat-champagne-espumantes-y-cavas","7":"product_cat-promociones","8":"product_cat-vinos","10":"first","11":"instock","12":"sale","13":"taxable","14":"shipping-taxable","15":"purchasable","16":"product-type-simple"},"acf":[],"_links":{"self":[{"href":"https:\/\/ibaigo.pe\/tienda\/wp-json\/wp\/v2\/product\/46887","targetHints":{"allow":["GET"]}}],"collection":[{"href":"https:\/\/ibaigo.pe\/tienda\/wp-json\/wp\/v2\/product"}],"about":[{"href":"https:\/\/ibaigo.pe\/tienda\/wp-json\/wp\/v2\/types\/product"}],"wp:featuredmedia":[{"embeddable":true,"href":"https:\/\/ibaigo.pe\/tienda\/wp-json\/wp\/v2\/media\/46918"}],"wp:attachment":[{"href":"https:\/\/ibaigo.pe\/tienda\/wp-json\/wp\/v2\/media?parent=46887"}],"wp:term":[{"taxonomy":"product_brand","embeddable":true,"href":"https:\/\/ibaigo.pe\/tienda\/wp-json\/wp\/v2\/product_brand?post=46887"},{"taxonomy":"product_cat","embeddable":true,"href":"https:\/\/ibaigo.pe\/tienda\/wp-json\/wp\/v2\/product_cat?post=46887"},{"taxonomy":"product_tag","embeddable":true,"href":"https:\/\/ibaigo.pe\/tienda\/wp-json\/wp\/v2\/product_tag?post=46887"}],"curies":[{"name":"wp","href":"https:\/\/api.w.org\/{rel}","templated":true}]}}