{"id":46888,"date":"2023-09-28T03:52:10","date_gmt":"2023-09-28T01:52:10","guid":{"rendered":"https:\/\/ibaigo.pe\/nuevo\/?post_type=product&#038;p=46888"},"modified":"2025-05-19T23:12:26","modified_gmt":"2025-05-19T21:12:26","slug":"baracchi-syrah-riserva-2018","status":"publish","type":"product","link":"https:\/\/ibaigo.pe\/tienda\/producto\/baracchi-syrah-riserva-2018\/","title":{"rendered":"Baracchi Syrah Riserva 2018"},"content":{"rendered":"<p>Este Riserva proviene de ubicaciones limitadas de vi\u00f1edos y de la mejor selecci\u00f3n de uvas Syrah.\u00a030 d\u00edas de maceraci\u00f3n con pieles.\u00a024 meses en barrica nueva de roble franc\u00e9s de tostado medio y 9 meses en botella antes de su salida.<\/p>\n","protected":false},"excerpt":{"rendered":"<p>Este monovarietal\u00a0<strong>toscano\u00a0<\/strong>de\u00a0<strong>Syrah\u00a0<\/strong>presenta un bella interpretaci\u00f3n, en la que est\u00e1 presente la uva del vi\u00f1edo <strong>Pietraia, <\/strong>Su\u00a0 crianza en barrica francesa no diluye una equilibrada frescura\u00a0que nos acompa\u00f1a durante todo el paso por boca. Destacan tambi\u00e9n su\u00a0complejidad arom\u00e1tica, con presencia de especias, regaliz y cacao.<\/p>\n","protected":false},"featured_media":46919,"template":"","meta":{"_acf_changed":false},"product_brand":[],"product_cat":[200,164,162],"product_tag":[],"class_list":{"0":"post-46888","1":"product","2":"type-product","3":"status-publish","4":"has-post-thumbnail","6":"product_cat-promociones","7":"product_cat-vino-tinto","8":"product_cat-vinos","10":"first","11":"instock","12":"sale","13":"taxable","14":"shipping-taxable","15":"purchasable","16":"product-type-simple"},"acf":[],"_links":{"self":[{"href":"https:\/\/ibaigo.pe\/tienda\/wp-json\/wp\/v2\/product\/46888","targetHints":{"allow":["GET"]}}],"collection":[{"href":"https:\/\/ibaigo.pe\/tienda\/wp-json\/wp\/v2\/product"}],"about":[{"href":"https:\/\/ibaigo.pe\/tienda\/wp-json\/wp\/v2\/types\/product"}],"wp:featuredmedia":[{"embeddable":true,"href":"https:\/\/ibaigo.pe\/tienda\/wp-json\/wp\/v2\/media\/46919"}],"wp:attachment":[{"href":"https:\/\/ibaigo.pe\/tienda\/wp-json\/wp\/v2\/media?parent=46888"}],"wp:term":[{"taxonomy":"product_brand","embeddable":true,"href":"https:\/\/ibaigo.pe\/tienda\/wp-json\/wp\/v2\/product_brand?post=46888"},{"taxonomy":"product_cat","embeddable":true,"href":"https:\/\/ibaigo.pe\/tienda\/wp-json\/wp\/v2\/product_cat?post=46888"},{"taxonomy":"product_tag","embeddable":true,"href":"https:\/\/ibaigo.pe\/tienda\/wp-json\/wp\/v2\/product_tag?post=46888"}],"curies":[{"name":"wp","href":"https:\/\/api.w.org\/{rel}","templated":true}]}}