{"id":46921,"date":"2023-09-28T03:52:31","date_gmt":"2023-09-28T01:52:31","guid":{"rendered":"https:\/\/ibaigo.pe\/nuevo\/?post_type=product&#038;p=46921"},"modified":"2024-04-13T16:05:00","modified_gmt":"2024-04-13T14:05:00","slug":"bella-conchi-brut-seleccion","status":"publish","type":"product","link":"https:\/\/ibaigo.pe\/tienda\/producto\/bella-conchi-brut-seleccion\/","title":{"rendered":"Bella Conchi Brut Selecci\u00f3n"},"content":{"rendered":"<p>Bella Conchi est\u00e1 lleno de placeres y emociones para compartir en buena compa\u00f1\u00eda. La altitud de las parcelas que se usan para su elaboraci\u00f3n tiene la ventaja crucial de temperaturas m\u00e1s frescas durante la noche, que ayudan a obtener uvas con una acidez agradable, 12 meses de crianza en botella\u00a0completan este Cava Brut que funcionar\u00e1 muy bien con platos de pescados ligeros y ensaladas.<\/p>\n","protected":false},"excerpt":{"rendered":"<p>Bella Conchi est\u00e1 lleno de placeres y emociones para compartir en buena compa\u00f1\u00eda. La altitud de las parcelas que se usan para su elaboraci\u00f3n tiene la ventaja crucial de temperaturas m\u00e1s frescas durante la noche, que ayudan a obtener uvas con una acidez agradable. Por otro lado, la ventaja de usar la variedad <strong>Chardonnay\u00a0<\/strong>en la mezcla aporta notas m\u00e1s afrutadas y elegantes.\u00a0<strong>12 meses de crianza en botella<\/strong> completan este Cava Brut que funcionar\u00e1 muy bien con platos de pescados ligeros y ensaladas.<\/p>\n","protected":false},"featured_media":46951,"template":"","meta":{"_acf_changed":false},"product_brand":[],"product_cat":[163,162],"product_tag":[],"class_list":{"0":"post-46921","1":"product","2":"type-product","3":"status-publish","4":"has-post-thumbnail","6":"product_cat-champagne-espumantes-y-cavas","7":"product_cat-vinos","9":"first","10":"outofstock","11":"taxable","12":"shipping-taxable","13":"purchasable","14":"product-type-simple"},"acf":[],"_links":{"self":[{"href":"https:\/\/ibaigo.pe\/tienda\/wp-json\/wp\/v2\/product\/46921","targetHints":{"allow":["GET"]}}],"collection":[{"href":"https:\/\/ibaigo.pe\/tienda\/wp-json\/wp\/v2\/product"}],"about":[{"href":"https:\/\/ibaigo.pe\/tienda\/wp-json\/wp\/v2\/types\/product"}],"wp:featuredmedia":[{"embeddable":true,"href":"https:\/\/ibaigo.pe\/tienda\/wp-json\/wp\/v2\/media\/46951"}],"wp:attachment":[{"href":"https:\/\/ibaigo.pe\/tienda\/wp-json\/wp\/v2\/media?parent=46921"}],"wp:term":[{"taxonomy":"product_brand","embeddable":true,"href":"https:\/\/ibaigo.pe\/tienda\/wp-json\/wp\/v2\/product_brand?post=46921"},{"taxonomy":"product_cat","embeddable":true,"href":"https:\/\/ibaigo.pe\/tienda\/wp-json\/wp\/v2\/product_cat?post=46921"},{"taxonomy":"product_tag","embeddable":true,"href":"https:\/\/ibaigo.pe\/tienda\/wp-json\/wp\/v2\/product_tag?post=46921"}],"curies":[{"name":"wp","href":"https:\/\/api.w.org\/{rel}","templated":true}]}}