{"id":46923,"date":"2023-09-28T03:52:31","date_gmt":"2023-09-28T01:52:31","guid":{"rendered":"https:\/\/ibaigo.pe\/nuevo\/?post_type=product&#038;p=46923"},"modified":"2024-04-22T22:03:44","modified_gmt":"2024-04-22T20:03:44","slug":"bella-conchi-brut-reserva","status":"publish","type":"product","link":"https:\/\/ibaigo.pe\/tienda\/producto\/bella-conchi-brut-reserva\/","title":{"rendered":"Bella Conchi Brut Reserva"},"content":{"rendered":"<p>Una cuidadosa selecci\u00f3n de vi\u00f1edos en el coraz\u00f3n de Catalunya, protegida por la monta\u00f1a de Montserrat, es el punto de partida de esta gama de cavas que rinde homenaje a las mujeres y cuyo nombre evoca la historia de una mujer, la madre de\u00a0<strong>Javier Galarreta<\/strong>, que amaba los espumosos franceses. Se trata de un cava Brut Reserva que presenta un <strong>estilo m\u00e1s fresco\u00a0<\/strong>desde un clima mediterr\u00e1neo, adem\u00e1s, con\u00a0la variedad\u00a0<strong>Chardonnay\u00a0<\/strong>en la mezcla, ofrece notas m\u00e1s afrutadas y elegantes.<\/p>\n","protected":false},"excerpt":{"rendered":"<p>Una cuidadosa selecci\u00f3n de vi\u00f1edos en el coraz\u00f3n de Catalunya, protegida por la monta\u00f1a de Montserrat, es el punto de partida de esta gama de cavas que rinde homenaje a las mujeres y cuyo nombre evoca la historia de una mujer, la madre de\u00a0<strong>Javier Galarreta<\/strong>,\u00a0que amaba los espumosos franceses. Se trata de un cava Brut que presenta un\u00a0<strong>estilo m\u00e1s fresco\u00a0<\/strong>desde un clima mediterr\u00e1neo, adem\u00e1s, con\u00a0la variedad\u00a0<strong>Chardonnay\u00a0<\/strong>en la mezcla, ofrece notas m\u00e1s afrutadas y elegantes.<\/p>\n","protected":false},"featured_media":46953,"template":"","meta":{"_acf_changed":false},"product_brand":[],"product_cat":[163,162],"product_tag":[],"class_list":{"0":"post-46923","1":"product","2":"type-product","3":"status-publish","4":"has-post-thumbnail","6":"product_cat-champagne-espumantes-y-cavas","7":"product_cat-vinos","9":"first","10":"outofstock","11":"taxable","12":"shipping-taxable","13":"purchasable","14":"product-type-simple"},"acf":[],"_links":{"self":[{"href":"https:\/\/ibaigo.pe\/tienda\/wp-json\/wp\/v2\/product\/46923","targetHints":{"allow":["GET"]}}],"collection":[{"href":"https:\/\/ibaigo.pe\/tienda\/wp-json\/wp\/v2\/product"}],"about":[{"href":"https:\/\/ibaigo.pe\/tienda\/wp-json\/wp\/v2\/types\/product"}],"wp:featuredmedia":[{"embeddable":true,"href":"https:\/\/ibaigo.pe\/tienda\/wp-json\/wp\/v2\/media\/46953"}],"wp:attachment":[{"href":"https:\/\/ibaigo.pe\/tienda\/wp-json\/wp\/v2\/media?parent=46923"}],"wp:term":[{"taxonomy":"product_brand","embeddable":true,"href":"https:\/\/ibaigo.pe\/tienda\/wp-json\/wp\/v2\/product_brand?post=46923"},{"taxonomy":"product_cat","embeddable":true,"href":"https:\/\/ibaigo.pe\/tienda\/wp-json\/wp\/v2\/product_cat?post=46923"},{"taxonomy":"product_tag","embeddable":true,"href":"https:\/\/ibaigo.pe\/tienda\/wp-json\/wp\/v2\/product_tag?post=46923"}],"curies":[{"name":"wp","href":"https:\/\/api.w.org\/{rel}","templated":true}]}}