{"id":46929,"date":"2023-09-28T03:52:32","date_gmt":"2023-09-28T01:52:32","guid":{"rendered":"https:\/\/ibaigo.pe\/nuevo\/?post_type=product&#038;p=46929"},"modified":"2025-07-05T04:20:39","modified_gmt":"2025-07-05T02:20:39","slug":"manuel-quintano-el-pionero","status":"publish","type":"product","link":"https:\/\/ibaigo.pe\/tienda\/producto\/manuel-quintano-el-pionero\/","title":{"rendered":"Manuel Quintano El Pionero"},"content":{"rendered":"<p>Del m\u00e1s de medio centenar de parajes que componen el vi\u00f1edo de Labastida seleccionamos un m\u00ednimo de dos parcelas y un m\u00e1ximo de cinco por t\u00e9rmino. La gran mayor\u00eda de las cepas en estos vi\u00f1edos son de Tempranillo donde conviven con algunas de Garnacha. El vino se cr\u00eda durante 12 meses en barricas nuevas de roble franc\u00e9s y luego se clari ca y embotella, sin ltraci\u00f3n. La crianza contin\u00faa otros 12 meses en botella antes del lanzamiento del vino<\/p>\n","protected":false},"excerpt":{"rendered":"<p>Del m\u00e1s de medio centenar de parajes que componen el vi\u00f1edo de Labastida seleccionamos un m\u00ednimo de dos parcelas y un m\u00e1ximo de cinco por t\u00e9rmino. La gran mayor\u00eda de las cepas en estos vi\u00f1edos son de Tempranillo donde conviven con algunas de Garnacha.<\/p>\n","protected":false},"featured_media":46959,"template":"","meta":{"_acf_changed":false},"product_brand":[],"product_cat":[164,162],"product_tag":[],"class_list":{"0":"post-46929","1":"product","2":"type-product","3":"status-publish","4":"has-post-thumbnail","6":"product_cat-vino-tinto","7":"product_cat-vinos","9":"first","10":"instock","11":"taxable","12":"shipping-taxable","13":"purchasable","14":"product-type-simple"},"acf":[],"_links":{"self":[{"href":"https:\/\/ibaigo.pe\/tienda\/wp-json\/wp\/v2\/product\/46929","targetHints":{"allow":["GET"]}}],"collection":[{"href":"https:\/\/ibaigo.pe\/tienda\/wp-json\/wp\/v2\/product"}],"about":[{"href":"https:\/\/ibaigo.pe\/tienda\/wp-json\/wp\/v2\/types\/product"}],"wp:featuredmedia":[{"embeddable":true,"href":"https:\/\/ibaigo.pe\/tienda\/wp-json\/wp\/v2\/media\/46959"}],"wp:attachment":[{"href":"https:\/\/ibaigo.pe\/tienda\/wp-json\/wp\/v2\/media?parent=46929"}],"wp:term":[{"taxonomy":"product_brand","embeddable":true,"href":"https:\/\/ibaigo.pe\/tienda\/wp-json\/wp\/v2\/product_brand?post=46929"},{"taxonomy":"product_cat","embeddable":true,"href":"https:\/\/ibaigo.pe\/tienda\/wp-json\/wp\/v2\/product_cat?post=46929"},{"taxonomy":"product_tag","embeddable":true,"href":"https:\/\/ibaigo.pe\/tienda\/wp-json\/wp\/v2\/product_tag?post=46929"}],"curies":[{"name":"wp","href":"https:\/\/api.w.org\/{rel}","templated":true}]}}