{"id":46932,"date":"2023-09-28T03:52:32","date_gmt":"2023-09-28T01:52:32","guid":{"rendered":"https:\/\/ibaigo.pe\/nuevo\/?post_type=product&#038;p=46932"},"modified":"2025-06-20T05:11:36","modified_gmt":"2025-06-20T03:11:36","slug":"montebuena-madurado-2020","status":"publish","type":"product","link":"https:\/\/ibaigo.pe\/tienda\/producto\/montebuena-madurado-2020\/","title":{"rendered":"Montebuena Madurado 2020"},"content":{"rendered":"<p>Esta<strong>\u00a0monovarietal de Tempranillo\u00a0<\/strong>exhibe el estilo<strong>\u00a0m\u00e1s contempor\u00e1neo de Rioja<\/strong>. Su paso por barrica\u00a0aporta\u00a0<strong>equilibrio\u00a0y suavidad<\/strong>. Un vino tinto que encantar\u00e1 a los seguidores de esta c\u00e9lebre regi\u00f3n. <strong>Delicioso y gastron\u00f3mico<\/strong>.<\/p>\n","protected":false},"excerpt":{"rendered":"<p>Esta<strong>\u00a0monovarietal de Tempranillo\u00a0<\/strong>exhibe el estilo<strong>\u00a0m\u00e1s contempor\u00e1neo de Rioja<\/strong>. Su paso por barrica\u00a0aporta\u00a0<strong>equilibrio\u00a0y suavidad<\/strong>. Un vino tinto que encantar\u00e1 a los seguidores de esta c\u00e9lebre regi\u00f3n. <strong>Delicioso y gastron\u00f3mico<\/strong>.<\/p>\n","protected":false},"featured_media":46962,"template":"","meta":{"_acf_changed":false},"product_brand":[],"product_cat":[164,162],"product_tag":[],"class_list":{"0":"post-46932","1":"product","2":"type-product","3":"status-publish","4":"has-post-thumbnail","6":"product_cat-vino-tinto","7":"product_cat-vinos","9":"first","10":"outofstock","11":"sale","12":"taxable","13":"shipping-taxable","14":"purchasable","15":"product-type-simple"},"acf":[],"_links":{"self":[{"href":"https:\/\/ibaigo.pe\/tienda\/wp-json\/wp\/v2\/product\/46932","targetHints":{"allow":["GET"]}}],"collection":[{"href":"https:\/\/ibaigo.pe\/tienda\/wp-json\/wp\/v2\/product"}],"about":[{"href":"https:\/\/ibaigo.pe\/tienda\/wp-json\/wp\/v2\/types\/product"}],"wp:featuredmedia":[{"embeddable":true,"href":"https:\/\/ibaigo.pe\/tienda\/wp-json\/wp\/v2\/media\/46962"}],"wp:attachment":[{"href":"https:\/\/ibaigo.pe\/tienda\/wp-json\/wp\/v2\/media?parent=46932"}],"wp:term":[{"taxonomy":"product_brand","embeddable":true,"href":"https:\/\/ibaigo.pe\/tienda\/wp-json\/wp\/v2\/product_brand?post=46932"},{"taxonomy":"product_cat","embeddable":true,"href":"https:\/\/ibaigo.pe\/tienda\/wp-json\/wp\/v2\/product_cat?post=46932"},{"taxonomy":"product_tag","embeddable":true,"href":"https:\/\/ibaigo.pe\/tienda\/wp-json\/wp\/v2\/product_tag?post=46932"}],"curies":[{"name":"wp","href":"https:\/\/api.w.org\/{rel}","templated":true}]}}