{"id":46941,"date":"2023-09-28T03:52:32","date_gmt":"2023-09-28T01:52:32","guid":{"rendered":"https:\/\/ibaigo.pe\/nuevo\/?post_type=product&#038;p=46941"},"modified":"2025-12-19T19:22:31","modified_gmt":"2025-12-19T18:22:31","slug":"manuel-quintano-blanco-sobre-lias-2020","status":"publish","type":"product","link":"https:\/\/ibaigo.pe\/tienda\/producto\/manuel-quintano-blanco-sobre-lias-2020\/","title":{"rendered":"Manuel Quintano Blanco Sobre Lias 2020"},"content":{"rendered":"<p>Uvas provenientes de una previa selecci\u00f3n de vi\u00f1edos, con suelos de tierra arcillosa y arcillo-calc\u00e1rea que se caracterizan por ser poco f\u00e9rtiles con baja producci\u00f3n de racimos, situadas a una altitud entre 400 y 700 metros. La mezcla de las dos cepas Viura y Tempranillo Blanco desarrolla un\u00a0<strong>perfil fresco<\/strong>\u00a0en el que destaca una acidez bien conseguida y unos\u00a0<strong>ricos aromas florales<\/strong>\u00a0y de melocot\u00f3n.<\/p>\n","protected":false},"excerpt":{"rendered":"<p>Uvas provenientes de una previa selecci\u00f3n de vi\u00f1edos, con suelos de tierra arcillosa y arcillo-calc\u00e1rea que se caracterizan por ser poco f\u00e9rtiles con baja producci\u00f3n de racimos, situadas a una altitud entre 400 y 700 metros. La mezcla de las dos cepas Viura y Tempranillo Blanco desarrolla un\u00a0<strong>perfil fresco<\/strong>\u00a0en el que destaca una acidez bien conseguida y unos\u00a0<strong>ricos aromas florales<\/strong>\u00a0y de melocot\u00f3n.<\/p>\n","protected":false},"featured_media":46971,"template":"","meta":{"_acf_changed":false},"product_brand":[],"product_cat":[165,162],"product_tag":[],"class_list":{"0":"post-46941","1":"product","2":"type-product","3":"status-publish","4":"has-post-thumbnail","6":"product_cat-vino-blanco","7":"product_cat-vinos","9":"first","10":"instock","11":"taxable","12":"shipping-taxable","13":"purchasable","14":"product-type-simple"},"acf":[],"_links":{"self":[{"href":"https:\/\/ibaigo.pe\/tienda\/wp-json\/wp\/v2\/product\/46941","targetHints":{"allow":["GET"]}}],"collection":[{"href":"https:\/\/ibaigo.pe\/tienda\/wp-json\/wp\/v2\/product"}],"about":[{"href":"https:\/\/ibaigo.pe\/tienda\/wp-json\/wp\/v2\/types\/product"}],"wp:featuredmedia":[{"embeddable":true,"href":"https:\/\/ibaigo.pe\/tienda\/wp-json\/wp\/v2\/media\/46971"}],"wp:attachment":[{"href":"https:\/\/ibaigo.pe\/tienda\/wp-json\/wp\/v2\/media?parent=46941"}],"wp:term":[{"taxonomy":"product_brand","embeddable":true,"href":"https:\/\/ibaigo.pe\/tienda\/wp-json\/wp\/v2\/product_brand?post=46941"},{"taxonomy":"product_cat","embeddable":true,"href":"https:\/\/ibaigo.pe\/tienda\/wp-json\/wp\/v2\/product_cat?post=46941"},{"taxonomy":"product_tag","embeddable":true,"href":"https:\/\/ibaigo.pe\/tienda\/wp-json\/wp\/v2\/product_tag?post=46941"}],"curies":[{"name":"wp","href":"https:\/\/api.w.org\/{rel}","templated":true}]}}