{"id":6021783,"date":"2024-02-16T15:41:51","date_gmt":"2024-02-16T14:41:51","guid":{"rendered":"https:\/\/dev.ibaigo.pe\/?post_type=product&#038;p=6021783"},"modified":"2025-12-19T19:15:31","modified_gmt":"2025-12-19T18:15:31","slug":"finca-sobreno-reserva-2018","status":"publish","type":"product","link":"https:\/\/ibaigo.pe\/tienda\/producto\/finca-sobreno-reserva-2018\/","title":{"rendered":"Finca Sobre\u00f1o Reserva 2020"},"content":{"rendered":"<p>El Selecci\u00f3n Especial es\u00a0<strong>el Reserva de la casa<\/strong>, y para su elaboraci\u00f3n se utilizan\u00a0<strong>vi\u00f1edos con una antig\u00fcedad superior a los 35 a\u00f1os<\/strong>. Tras una crianza superior a un a\u00f1o en barricas americanas nuevas y seminuevas, entrega\u00a0<strong>aromas especiados, de fruta madura y tostados<\/strong>. En boca es un<strong>\u00a0vino concentrado, goloso, complejo, con un final largo\u00a0<\/strong>y que integra bien la fruta negra propia de la variedad y las notas propias de la crianza en madera.<\/p>\n<p><a href=\"http:\/\/chrome-extension:\/\/efaidnbmnnnibpcajpcglclefindmkaj\/https:\/\/www.sobreno.com\/resources\/vinos\/a7fd49f9d0b20cdb1f332abddaef8d87.pdf\"><strong>Descargar ficha t\u00e9cnica<\/strong><\/a><\/p>\n","protected":false},"excerpt":{"rendered":"<p>El Selecci\u00f3n Especial es\u00a0<strong>el Reserva de la casa<\/strong>, y para su elaboraci\u00f3n se utilizan\u00a0<strong>vi\u00f1edos con una antig\u00fcedad superior a los 35 a\u00f1os<\/strong>. Tras una crianza superior a un a\u00f1o en barricas americanas nuevas y seminuevas, entrega\u00a0<strong>aromas especiados, de fruta madura y tostados<\/strong>. En boca es un<strong>\u00a0vino concentrado, goloso, complejo, con un final largo\u00a0<\/strong>y que integra bien la fruta negra propia de la variedad y las notas propias de la crianza en madera.<\/p>\n<p><a href=\"http:\/\/chrome-extension:\/\/efaidnbmnnnibpcajpcglclefindmkaj\/https:\/\/www.sobreno.com\/resources\/vinos\/bf17a23a9ff371f01dcb9bec2575a352.pdf\"><strong>Descargar ficha t\u00e9cnica<\/strong><\/a><\/p>\n","protected":false},"featured_media":6021787,"template":"","meta":{"_acf_changed":false},"product_brand":[],"product_cat":[164,162],"product_tag":[],"class_list":{"0":"post-6021783","1":"product","2":"type-product","3":"status-publish","4":"has-post-thumbnail","6":"product_cat-vino-tinto","7":"product_cat-vinos","9":"first","10":"instock","11":"taxable","12":"shipping-taxable","13":"purchasable","14":"product-type-simple"},"acf":[],"_links":{"self":[{"href":"https:\/\/ibaigo.pe\/tienda\/wp-json\/wp\/v2\/product\/6021783","targetHints":{"allow":["GET"]}}],"collection":[{"href":"https:\/\/ibaigo.pe\/tienda\/wp-json\/wp\/v2\/product"}],"about":[{"href":"https:\/\/ibaigo.pe\/tienda\/wp-json\/wp\/v2\/types\/product"}],"wp:featuredmedia":[{"embeddable":true,"href":"https:\/\/ibaigo.pe\/tienda\/wp-json\/wp\/v2\/media\/6021787"}],"wp:attachment":[{"href":"https:\/\/ibaigo.pe\/tienda\/wp-json\/wp\/v2\/media?parent=6021783"}],"wp:term":[{"taxonomy":"product_brand","embeddable":true,"href":"https:\/\/ibaigo.pe\/tienda\/wp-json\/wp\/v2\/product_brand?post=6021783"},{"taxonomy":"product_cat","embeddable":true,"href":"https:\/\/ibaigo.pe\/tienda\/wp-json\/wp\/v2\/product_cat?post=6021783"},{"taxonomy":"product_tag","embeddable":true,"href":"https:\/\/ibaigo.pe\/tienda\/wp-json\/wp\/v2\/product_tag?post=6021783"}],"curies":[{"name":"wp","href":"https:\/\/api.w.org\/{rel}","templated":true}]}}