{"id":6021968,"date":"2024-03-13T14:45:39","date_gmt":"2024-03-13T13:45:39","guid":{"rendered":"https:\/\/dev.ibaigo.pe\/?post_type=product&#038;p=6021968"},"modified":"2026-02-11T00:09:21","modified_gmt":"2026-02-10T23:09:21","slug":"baron-de-ladron-de-guevara-blanco","status":"publish","type":"product","link":"https:\/\/ibaigo.pe\/tienda\/producto\/baron-de-ladron-de-guevara-blanco\/","title":{"rendered":"Bar\u00f3n de Ladr\u00f3n de Guevara Blanco"},"content":{"rendered":"<p>Bajo el criterio de Judit, la primera mujer de la familia formada en enolog\u00eda, se ha creado un perfil diferente, una nueva visi\u00f3n del blanco de Rioja, el malvas\u00eda Valdelana. Se vendimia en la segunda semana de septiembre. Maceraci\u00f3n en fr\u00edo, fermentaci\u00f3n bajo temperatura controlada durante dos semanas. Se conserva durante tres meses con su l\u00eda fina, protegi\u00e9ndolo de la oxidaci\u00f3n, aport\u00e1ndole volumen y complejidad.<\/p>\n","protected":false},"excerpt":{"rendered":"<p>Bajo el criterio de Judit, la primera mujer de la familia formada en enolog\u00eda, se ha creado un perfil diferente, una nueva visi\u00f3n del blanco de Rioja, el malvas\u00eda Valdelana. Se vendimia en la segunda semana de septiembre. Maceraci\u00f3n en fr\u00edo, fermentaci\u00f3n bajo temperatura controlada durante dos semanas. Se conserva durante tres meses con su [&hellip;]<\/p>\n","protected":false},"featured_media":6021970,"template":"","meta":{"_acf_changed":false},"product_brand":[],"product_cat":[165,162],"product_tag":[],"class_list":{"0":"post-6021968","1":"product","2":"type-product","3":"status-publish","4":"has-post-thumbnail","6":"product_cat-vino-blanco","7":"product_cat-vinos","9":"first","10":"instock","11":"taxable","12":"shipping-taxable","13":"purchasable","14":"product-type-simple"},"acf":[],"_links":{"self":[{"href":"https:\/\/ibaigo.pe\/tienda\/wp-json\/wp\/v2\/product\/6021968","targetHints":{"allow":["GET"]}}],"collection":[{"href":"https:\/\/ibaigo.pe\/tienda\/wp-json\/wp\/v2\/product"}],"about":[{"href":"https:\/\/ibaigo.pe\/tienda\/wp-json\/wp\/v2\/types\/product"}],"wp:featuredmedia":[{"embeddable":true,"href":"https:\/\/ibaigo.pe\/tienda\/wp-json\/wp\/v2\/media\/6021970"}],"wp:attachment":[{"href":"https:\/\/ibaigo.pe\/tienda\/wp-json\/wp\/v2\/media?parent=6021968"}],"wp:term":[{"taxonomy":"product_brand","embeddable":true,"href":"https:\/\/ibaigo.pe\/tienda\/wp-json\/wp\/v2\/product_brand?post=6021968"},{"taxonomy":"product_cat","embeddable":true,"href":"https:\/\/ibaigo.pe\/tienda\/wp-json\/wp\/v2\/product_cat?post=6021968"},{"taxonomy":"product_tag","embeddable":true,"href":"https:\/\/ibaigo.pe\/tienda\/wp-json\/wp\/v2\/product_tag?post=6021968"}],"curies":[{"name":"wp","href":"https:\/\/api.w.org\/{rel}","templated":true}]}}