{"id":6021976,"date":"2024-03-13T15:08:31","date_gmt":"2024-03-13T14:08:31","guid":{"rendered":"https:\/\/dev.ibaigo.pe\/?post_type=product&#038;p=6021976"},"modified":"2025-09-15T21:03:59","modified_gmt":"2025-09-15T19:03:59","slug":"baron-de-ladron-de-guevara-tinto-reserva","status":"publish","type":"product","link":"https:\/\/ibaigo.pe\/tienda\/producto\/baron-de-ladron-de-guevara-tinto-reserva\/","title":{"rendered":"Bar\u00f3n de Ladr\u00f3n de Guevara Tinto Reserva"},"content":{"rendered":"<p>Vendimia de la segunda semana de octubre, fermentaci\u00f3n alcoh\u00f3lica durante 9 d\u00edas a 26\u00b0C, maceraci\u00f3n post-fermentativa con hollejos durante 12 d\u00edas. Envejecimiento en barrica de roble franc\u00e9s y roble americano de 225 litros durante 18 meses.<\/p>\n","protected":false},"excerpt":{"rendered":"<p>Vendimia de la segunda semana de octubre, fermentaci\u00f3n alcoh\u00f3lica durante 9 d\u00edas a 26\u00b0C, maceraci\u00f3n post-fermentativa con hollejos durante 12 d\u00edas. Envejecimiento en barrica de roble franc\u00e9s y roble americano de 225 litros durante 18 meses.<\/p>\n","protected":false},"featured_media":6021982,"template":"","meta":{"_acf_changed":false},"product_brand":[],"product_cat":[164,162],"product_tag":[],"class_list":{"0":"post-6021976","1":"product","2":"type-product","3":"status-publish","4":"has-post-thumbnail","6":"product_cat-vino-tinto","7":"product_cat-vinos","9":"first","10":"outofstock","11":"sale","12":"taxable","13":"shipping-taxable","14":"purchasable","15":"product-type-simple"},"acf":[],"_links":{"self":[{"href":"https:\/\/ibaigo.pe\/tienda\/wp-json\/wp\/v2\/product\/6021976","targetHints":{"allow":["GET"]}}],"collection":[{"href":"https:\/\/ibaigo.pe\/tienda\/wp-json\/wp\/v2\/product"}],"about":[{"href":"https:\/\/ibaigo.pe\/tienda\/wp-json\/wp\/v2\/types\/product"}],"wp:featuredmedia":[{"embeddable":true,"href":"https:\/\/ibaigo.pe\/tienda\/wp-json\/wp\/v2\/media\/6021982"}],"wp:attachment":[{"href":"https:\/\/ibaigo.pe\/tienda\/wp-json\/wp\/v2\/media?parent=6021976"}],"wp:term":[{"taxonomy":"product_brand","embeddable":true,"href":"https:\/\/ibaigo.pe\/tienda\/wp-json\/wp\/v2\/product_brand?post=6021976"},{"taxonomy":"product_cat","embeddable":true,"href":"https:\/\/ibaigo.pe\/tienda\/wp-json\/wp\/v2\/product_cat?post=6021976"},{"taxonomy":"product_tag","embeddable":true,"href":"https:\/\/ibaigo.pe\/tienda\/wp-json\/wp\/v2\/product_tag?post=6021976"}],"curies":[{"name":"wp","href":"https:\/\/api.w.org\/{rel}","templated":true}]}}