{"id":6021988,"date":"2024-03-13T17:23:30","date_gmt":"2024-03-13T16:23:30","guid":{"rendered":"https:\/\/dev.ibaigo.pe\/?post_type=product&#038;p=6021988"},"modified":"2025-06-05T02:03:47","modified_gmt":"2025-06-05T00:03:47","slug":"baron-de-ladron-de-guevara-tinto-crianza","status":"publish","type":"product","link":"https:\/\/ibaigo.pe\/tienda\/producto\/baron-de-ladron-de-guevara-tinto-crianza\/","title":{"rendered":"Bar\u00f3n de Ladr\u00f3n de Guevara Tinto Crianza"},"content":{"rendered":"<p>Vendimia realizada durante la primera semana de Octubre, realizando una maceraci\u00f3n prefermentativa en fr\u00edo y una peculiar fermentaci\u00f3n espont\u00e1nea. La fermentaci\u00f3n malol\u00e1ctica se realiza en barricas de roble franc\u00e9s, donde envejece durante 6 meses y otros 6 meses en barricas de roble americano de 225 litros. Valdelana<\/p>\n","protected":false},"excerpt":{"rendered":"<p>Vendimia realizada durante la primera semana de Octubre, realizando una maceraci\u00f3n prefermentativa en fr\u00edo y una peculiar fermentaci\u00f3n espont\u00e1nea. La fermentaci\u00f3n malol\u00e1ctica se realiza en barricas de roble franc\u00e9s, donde envejece durante 6 meses y otros 6 meses en barricas de roble americano de 225 litros. Valdelana<\/p>\n","protected":false},"featured_media":6021991,"template":"","meta":{"_acf_changed":false},"product_brand":[],"product_cat":[164,162],"product_tag":[],"class_list":{"0":"post-6021988","1":"product","2":"type-product","3":"status-publish","4":"has-post-thumbnail","6":"product_cat-vino-tinto","7":"product_cat-vinos","9":"first","10":"outofstock","11":"sale","12":"taxable","13":"shipping-taxable","14":"purchasable","15":"product-type-simple"},"acf":[],"_links":{"self":[{"href":"https:\/\/ibaigo.pe\/tienda\/wp-json\/wp\/v2\/product\/6021988","targetHints":{"allow":["GET"]}}],"collection":[{"href":"https:\/\/ibaigo.pe\/tienda\/wp-json\/wp\/v2\/product"}],"about":[{"href":"https:\/\/ibaigo.pe\/tienda\/wp-json\/wp\/v2\/types\/product"}],"wp:featuredmedia":[{"embeddable":true,"href":"https:\/\/ibaigo.pe\/tienda\/wp-json\/wp\/v2\/media\/6021991"}],"wp:attachment":[{"href":"https:\/\/ibaigo.pe\/tienda\/wp-json\/wp\/v2\/media?parent=6021988"}],"wp:term":[{"taxonomy":"product_brand","embeddable":true,"href":"https:\/\/ibaigo.pe\/tienda\/wp-json\/wp\/v2\/product_brand?post=6021988"},{"taxonomy":"product_cat","embeddable":true,"href":"https:\/\/ibaigo.pe\/tienda\/wp-json\/wp\/v2\/product_cat?post=6021988"},{"taxonomy":"product_tag","embeddable":true,"href":"https:\/\/ibaigo.pe\/tienda\/wp-json\/wp\/v2\/product_tag?post=6021988"}],"curies":[{"name":"wp","href":"https:\/\/api.w.org\/{rel}","templated":true}]}}