{"id":6021993,"date":"2024-03-13T17:33:33","date_gmt":"2024-03-13T16:33:33","guid":{"rendered":"https:\/\/dev.ibaigo.pe\/?post_type=product&#038;p=6021993"},"modified":"2025-09-15T21:02:52","modified_gmt":"2025-09-15T19:02:52","slug":"baron-de-ladron-de-guevara-tinto-cosecha","status":"publish","type":"product","link":"https:\/\/ibaigo.pe\/tienda\/producto\/baron-de-ladron-de-guevara-tinto-cosecha\/","title":{"rendered":"Bar\u00f3n de Ladr\u00f3n de Guevara Tinto Cosecha"},"content":{"rendered":"<p>Vendimia tercera semana de Septiembre. Vinificaci\u00f3n tradicional con despalillado y maceraci\u00f3n en fr\u00edo con hollejos durante 18 jornadas. Dos remontados diarios en el inicio y uno suave durante los \u00faltimos d\u00edas.<\/p>\n","protected":false},"excerpt":{"rendered":"<p>Vendimia tercera semana de Septiembre. Vinificaci\u00f3n tradicional con despalillado y maceraci\u00f3n en fr\u00edo con hollejos durante 18 jornadas. Dos remontados diarios en el inicio y uno suave durante los \u00faltimos d\u00edas.<\/p>\n","protected":false},"featured_media":6021999,"template":"","meta":{"_acf_changed":false},"product_brand":[],"product_cat":[164,162],"product_tag":[],"class_list":{"0":"post-6021993","1":"product","2":"type-product","3":"status-publish","4":"has-post-thumbnail","6":"product_cat-vino-tinto","7":"product_cat-vinos","9":"first","10":"outofstock","11":"sale","12":"taxable","13":"shipping-taxable","14":"purchasable","15":"product-type-simple"},"acf":[],"_links":{"self":[{"href":"https:\/\/ibaigo.pe\/tienda\/wp-json\/wp\/v2\/product\/6021993","targetHints":{"allow":["GET"]}}],"collection":[{"href":"https:\/\/ibaigo.pe\/tienda\/wp-json\/wp\/v2\/product"}],"about":[{"href":"https:\/\/ibaigo.pe\/tienda\/wp-json\/wp\/v2\/types\/product"}],"wp:featuredmedia":[{"embeddable":true,"href":"https:\/\/ibaigo.pe\/tienda\/wp-json\/wp\/v2\/media\/6021999"}],"wp:attachment":[{"href":"https:\/\/ibaigo.pe\/tienda\/wp-json\/wp\/v2\/media?parent=6021993"}],"wp:term":[{"taxonomy":"product_brand","embeddable":true,"href":"https:\/\/ibaigo.pe\/tienda\/wp-json\/wp\/v2\/product_brand?post=6021993"},{"taxonomy":"product_cat","embeddable":true,"href":"https:\/\/ibaigo.pe\/tienda\/wp-json\/wp\/v2\/product_cat?post=6021993"},{"taxonomy":"product_tag","embeddable":true,"href":"https:\/\/ibaigo.pe\/tienda\/wp-json\/wp\/v2\/product_tag?post=6021993"}],"curies":[{"name":"wp","href":"https:\/\/api.w.org\/{rel}","templated":true}]}}