{"id":6022001,"date":"2024-03-13T18:11:51","date_gmt":"2024-03-13T17:11:51","guid":{"rendered":"https:\/\/dev.ibaigo.pe\/?post_type=product&#038;p=6022001"},"modified":"2025-12-19T18:45:45","modified_gmt":"2025-12-19T17:45:45","slug":"baron-de-ladron-de-guevara-autor-tinto-cosecha","status":"publish","type":"product","link":"https:\/\/ibaigo.pe\/tienda\/producto\/baron-de-ladron-de-guevara-autor-tinto-cosecha\/","title":{"rendered":"Bar\u00f3n de Ladr\u00f3n de Guevara Autor Tinto Cosecha"},"content":{"rendered":"<p>Selecci\u00f3n en campo de las vi\u00f1as m\u00e1s viejas de la familia y de las cepas que tengan menos de cuatro racimos de Uva por cepa. Las uvas se introducen en c\u00e1maras frigor\u00edficas a 5\u00b0C para hacer una recepci\u00f3n al d\u00eda siguiente.<\/p>\n","protected":false},"excerpt":{"rendered":"<p>Selecci\u00f3n en campo de las vi\u00f1as m\u00e1s viejas de la familia y de las cepas que tengan menos de cuatro racimos de Uva por cepa. Las uvas se introducen en c\u00e1maras frigor\u00edficas a 5\u00b0C para hacer una recepci\u00f3n al d\u00eda siguiente.<\/p>\n","protected":false},"featured_media":6022002,"template":"","meta":{"_acf_changed":false},"product_brand":[],"product_cat":[164,162],"product_tag":[],"class_list":{"0":"post-6022001","1":"product","2":"type-product","3":"status-publish","4":"has-post-thumbnail","6":"product_cat-vino-tinto","7":"product_cat-vinos","9":"first","10":"instock","11":"taxable","12":"shipping-taxable","13":"purchasable","14":"product-type-simple"},"acf":[],"_links":{"self":[{"href":"https:\/\/ibaigo.pe\/tienda\/wp-json\/wp\/v2\/product\/6022001","targetHints":{"allow":["GET"]}}],"collection":[{"href":"https:\/\/ibaigo.pe\/tienda\/wp-json\/wp\/v2\/product"}],"about":[{"href":"https:\/\/ibaigo.pe\/tienda\/wp-json\/wp\/v2\/types\/product"}],"wp:featuredmedia":[{"embeddable":true,"href":"https:\/\/ibaigo.pe\/tienda\/wp-json\/wp\/v2\/media\/6022002"}],"wp:attachment":[{"href":"https:\/\/ibaigo.pe\/tienda\/wp-json\/wp\/v2\/media?parent=6022001"}],"wp:term":[{"taxonomy":"product_brand","embeddable":true,"href":"https:\/\/ibaigo.pe\/tienda\/wp-json\/wp\/v2\/product_brand?post=6022001"},{"taxonomy":"product_cat","embeddable":true,"href":"https:\/\/ibaigo.pe\/tienda\/wp-json\/wp\/v2\/product_cat?post=6022001"},{"taxonomy":"product_tag","embeddable":true,"href":"https:\/\/ibaigo.pe\/tienda\/wp-json\/wp\/v2\/product_tag?post=6022001"}],"curies":[{"name":"wp","href":"https:\/\/api.w.org\/{rel}","templated":true}]}}